{"id":1228,"date":"2022-07-25T21:53:48","date_gmt":"2022-07-25T19:53:48","guid":{"rendered":"http:\/\/mathilda-paatz.de\/?page_id=1228"},"modified":"2025-12-14T16:47:40","modified_gmt":"2025-12-14T15:47:40","slug":"about","status":"publish","type":"page","link":"https:\/\/mathilda-paatz.com\/en\/about\/","title":{"rendered":"About"},"content":{"rendered":"<h4 class=\"wp-block-heading\">Mathilda Paatz \u2013 the Speedgirl<\/h4>\n\n\n<div class='sc_column one_half' >\n\n\n\n<p class=\"wp-block-paragraph\">Helmet on, gloves on - and full throttle! Mathilda Paatz loves speed. The schoolgirl from Cologne lives up to her reputation as a \u2018speed girl\u2019, both on the slopes and on the race track. \u2018Karting and skiing are two of my great passions,\u2019 reveals the 16-year-old, who also enjoys dancing. \u2018Nothing works for me without sport!\u2019<\/p>\n\n\n\n<p class=\"wp-block-paragraph\">The \u2018speed girl\u2019 inherited her enthusiasm for motorsport from her father. Michael Paatz has been closely involved with the endurance championship at the N\u00fcrburgring for many years. First as a driver, later even as team boss. Paatz founded his own racing team over ten years ago. Naturally, a name was quickly found: Mathilda Racing!<\/p>\n\n\n<\/div>\n<div class='sc_column one_half last' >\n\n\n\n<figure class=\"wp-block-embed is-type-video is-provider-youtube wp-block-embed-youtube wp-embed-aspect-16-9 wp-has-aspect-ratio\"><div class=\"wp-block-embed__wrapper\">\n <div class=\"brlbs-cmpnt-container brlbs-cmpnt-content-blocker brlbs-cmpnt-with-individual-styles\" data-borlabs-cookie-content-blocker-id=\"youtube-content-blocker\" data-borlabs-cookie-content=\"PGlmcmFtZSB0aXRsZT0iTWF0aGlsZGEgU3BlZWQgR2lybCIgd2lkdGg9IjUwMCIgaGVpZ2h0PSIyODEiIHNyYz0iaHR0cHM6Ly93d3cueW91dHViZS1ub2Nvb2tpZS5jb20vZW1iZWQvUVpEVHRQN1MtRzQ\/ZmVhdHVyZT1vZW1iZWQiIGZyYW1lYm9yZGVyPSIwIiBhbGxvdz0iYWNjZWxlcm9tZXRlcjsgYXV0b3BsYXk7IGNsaXBib2FyZC13cml0ZTsgZW5jcnlwdGVkLW1lZGlhOyBneXJvc2NvcGU7IHBpY3R1cmUtaW4tcGljdHVyZTsgd2ViLXNoYXJlIiByZWZlcnJlcnBvbGljeT0ic3RyaWN0LW9yaWdpbi13aGVuLWNyb3NzLW9yaWdpbiIgYWxsb3dmdWxsc2NyZWVuPjwvaWZyYW1lPg==\"><div class=\"brlbs-cmpnt-cb-preset-c brlbs-cmpnt-cb-youtube\"> <div class=\"brlbs-cmpnt-cb-thumbnail\" style=\"background-image: url('https:\/\/mathilda-paatz.com\/wp-content\/uploads\/borlabs-cookie\/1\/yt_QZDTtP7S-G4_hqdefault.jpg')\"><\/div> <div class=\"brlbs-cmpnt-cb-main\"> <div class=\"brlbs-cmpnt-cb-play-button\"><\/div> <div class=\"brlbs-cmpnt-cb-content\"> <p class=\"brlbs-cmpnt-cb-description\">You are currently viewing a placeholder content from <strong>YouTube<\/strong>. To access the actual content, click the button below. Please note that doing so will share data with third-party providers.<\/p> <a class=\"brlbs-cmpnt-cb-provider-toggle\" href=\"#\" data-borlabs-cookie-show-provider-information role=\"button\">More Information<\/a> <\/div> <div class=\"brlbs-cmpnt-cb-buttons\"> <a class=\"brlbs-cmpnt-cb-btn\" href=\"#\" data-borlabs-cookie-unblock role=\"button\">Unblock content<\/a> <a class=\"brlbs-cmpnt-cb-btn\" href=\"#\" data-borlabs-cookie-accept-service role=\"button\" style=\"display: inherit\">Accept required service and unblock content<\/a> <\/div> <\/div> <\/div><\/div>\n<\/div><\/figure>\n\n\n<\/div><div class='clear'><\/div>\n\n\n\n<p class=\"wp-block-paragraph\">Mathilda got into karting for the first time when she was just four years old - alongside her father, of course. And it was there that the now 16-year-old's talent began to shine through. \u2018I was amazed that Mathilda immediately reacted instinctively on our double kart,\u2019 says her father Michael Paatz proudly. \u2018Both her posture in the bends and her ability to judge the distance worked after just a few laps.\u2019 No wonder the youngster wanted to get behind the wheel herself one day.<\/p>\n\n\n\n<p class=\"wp-block-paragraph\">The wish quickly became a reality. And after just a few laps, it became clear that Mathilda Paatz had the talent of a racing driver. Since then, the 16-year-old has been battling for race wins and championships. The fact that motorsport is still considered a male domain does not bother the schoolgirl. \u2018I don't think girls have it harder, because girls can be just as good as the boys,\u2019 she says ambitiously.<\/p>\n\n\n\n<div style=\"height:33px\" aria-hidden=\"true\" class=\"wp-block-spacer\"><\/div>\n\n\n\n<blockquote class=\"wp-block-quote is-style-large is-layout-flow wp-block-quote-is-layout-flow\">\n<p class=\"wp-block-paragraph\">\u201eI don\u2019t think girls have it harder, because girls can be just as good as the boys.\u201c<\/p>\n<cite>Mathilda Paatz<\/cite><\/blockquote>\n\n\n\n<div style=\"height:33px\" aria-hidden=\"true\" class=\"wp-block-spacer\"><\/div>\n\n\n\n<p class=\"wp-block-paragraph\">And Mathilda Paatz has already proven that. In the 2020 season, the schoolgirl competed with the TB Racing Team in the mini class of the ADAC Kart Masters and in the West German ADAC Kart Cup. In the process, the then twelve-year-old showed that the male competition is by no means at an advantage. At the event in M\u00fclsen, Mathilda Paatz celebrated a commanding double victory. In the end, she only just missed the championship title in third place. In turn, she not only won the Ladies Cup, but also the championship in the West German ADAC Kart Cup.<\/p>\n\n\n\n<p class=\"wp-block-paragraph\">The next step followed in the 2021 season. Mathilda Paatz remained loyal to the TB Racing Team, but started in the next higher kart class, the OK Junior. This was no easy challenge, but passion and ambition drove the then 13-year-old to top performance. \u2018I was pretty sure that the first year wouldn't be easy,\u2019 Paatz is honest. \u2018But I wanted to achieve some places in the top ten.\u2019 And she managed to do so, so that the Cologne native's path continued.<\/p>\n\n\n\n<div class=\"wp-block-columns is-layout-flex wp-container-core-columns-is-layout-9d6595d7 wp-block-columns-is-layout-flex\">\n<div class=\"wp-block-column is-layout-flow wp-block-column-is-layout-flow\">\n<figure class=\"wp-block-embed is-type-video is-provider-youtube wp-block-embed-youtube wp-embed-aspect-16-9 wp-has-aspect-ratio\"><div class=\"wp-block-embed__wrapper\">\n <div class=\"brlbs-cmpnt-container brlbs-cmpnt-content-blocker brlbs-cmpnt-with-individual-styles\" data-borlabs-cookie-content-blocker-id=\"youtube-content-blocker\" data-borlabs-cookie-content=\"PGlmcmFtZSB0aXRsZT0iRGV1dHNjaGUgV2VsbGUgLSBCZXJpY2h0IHp1bSAyNGggUmVubmVuIiB3aWR0aD0iNTAwIiBoZWlnaHQ9IjI4MSIgc3JjPSJodHRwczovL3d3dy55b3V0dWJlLW5vY29va2llLmNvbS9lbWJlZC9QRzZ3dFpiTm1Xbz9mZWF0dXJlPW9lbWJlZCIgZnJhbWVib3JkZXI9IjAiIGFsbG93PSJhY2NlbGVyb21ldGVyOyBhdXRvcGxheTsgY2xpcGJvYXJkLXdyaXRlOyBlbmNyeXB0ZWQtbWVkaWE7IGd5cm9zY29wZTsgcGljdHVyZS1pbi1waWN0dXJlOyB3ZWItc2hhcmUiIHJlZmVycmVycG9saWN5PSJzdHJpY3Qtb3JpZ2luLXdoZW4tY3Jvc3Mtb3JpZ2luIiBhbGxvd2Z1bGxzY3JlZW4+PC9pZnJhbWU+\"><div class=\"brlbs-cmpnt-cb-preset-c brlbs-cmpnt-cb-youtube\"> <div class=\"brlbs-cmpnt-cb-thumbnail\" style=\"background-image: url('https:\/\/mathilda-paatz.com\/wp-content\/uploads\/borlabs-cookie\/1\/yt_PG6wtZbNmWo_hqdefault.jpg')\"><\/div> <div class=\"brlbs-cmpnt-cb-main\"> <div class=\"brlbs-cmpnt-cb-play-button\"><\/div> <div class=\"brlbs-cmpnt-cb-content\"> <p class=\"brlbs-cmpnt-cb-description\">You are currently viewing a placeholder content from <strong>YouTube<\/strong>. To access the actual content, click the button below. Please note that doing so will share data with third-party providers.<\/p> <a class=\"brlbs-cmpnt-cb-provider-toggle\" href=\"#\" data-borlabs-cookie-show-provider-information role=\"button\">More Information<\/a> <\/div> <div class=\"brlbs-cmpnt-cb-buttons\"> <a class=\"brlbs-cmpnt-cb-btn\" href=\"#\" data-borlabs-cookie-unblock role=\"button\">Unblock content<\/a> <a class=\"brlbs-cmpnt-cb-btn\" href=\"#\" data-borlabs-cookie-accept-service role=\"button\" style=\"display: inherit\">Accept required service and unblock content<\/a> <\/div> <\/div> <\/div><\/div>\n<\/div><\/figure>\n<\/div>\n\n\n\n<div class=\"wp-block-column is-layout-flow wp-block-column-is-layout-flow\">\n<figure class=\"wp-block-embed is-type-video is-provider-youtube wp-block-embed-youtube wp-embed-aspect-16-9 wp-has-aspect-ratio\"><div class=\"wp-block-embed__wrapper\">\n <div class=\"brlbs-cmpnt-container brlbs-cmpnt-content-blocker brlbs-cmpnt-with-individual-styles\" data-borlabs-cookie-content-blocker-id=\"youtube-content-blocker\" data-borlabs-cookie-content=\"PGlmcmFtZSB0aXRsZT0iRnJvbSBiYWJ5IHN0cm9sbGVyIHRvIHJhY2luZyBjYXIiIHdpZHRoPSI1MDAiIGhlaWdodD0iMjgxIiBzcmM9Imh0dHBzOi8vd3d3LnlvdXR1YmUtbm9jb29raWUuY29tL2VtYmVkL1RTTy1GTzAwRU00P2ZlYXR1cmU9b2VtYmVkIiBmcmFtZWJvcmRlcj0iMCIgYWxsb3c9ImFjY2VsZXJvbWV0ZXI7IGF1dG9wbGF5OyBjbGlwYm9hcmQtd3JpdGU7IGVuY3J5cHRlZC1tZWRpYTsgZ3lyb3Njb3BlOyBwaWN0dXJlLWluLXBpY3R1cmU7IHdlYi1zaGFyZSIgcmVmZXJyZXJwb2xpY3k9InN0cmljdC1vcmlnaW4td2hlbi1jcm9zcy1vcmlnaW4iIGFsbG93ZnVsbHNjcmVlbj48L2lmcmFtZT4=\"><div class=\"brlbs-cmpnt-cb-preset-c brlbs-cmpnt-cb-youtube\"> <div class=\"brlbs-cmpnt-cb-thumbnail\" style=\"background-image: url('https:\/\/mathilda-paatz.com\/wp-content\/uploads\/borlabs-cookie\/1\/yt_TSO-FO00EM4_hqdefault.jpg')\"><\/div> <div class=\"brlbs-cmpnt-cb-main\"> <div class=\"brlbs-cmpnt-cb-play-button\"><\/div> <div class=\"brlbs-cmpnt-cb-content\"> <p class=\"brlbs-cmpnt-cb-description\">You are currently viewing a placeholder content from <strong>YouTube<\/strong>. To access the actual content, click the button below. Please note that doing so will share data with third-party providers.<\/p> <a class=\"brlbs-cmpnt-cb-provider-toggle\" href=\"#\" data-borlabs-cookie-show-provider-information role=\"button\">More Information<\/a> <\/div> <div class=\"brlbs-cmpnt-cb-buttons\"> <a class=\"brlbs-cmpnt-cb-btn\" href=\"#\" data-borlabs-cookie-unblock role=\"button\">Unblock content<\/a> <a class=\"brlbs-cmpnt-cb-btn\" href=\"#\" data-borlabs-cookie-accept-service role=\"button\" style=\"display: inherit\">Accept required service and unblock content<\/a> <\/div> <\/div> <\/div><\/div>\n<\/div><\/figure>\n<\/div>\n<\/div>\n\n\n\n<p class=\"wp-block-paragraph\">After another year in karting with Formula 1 world champion Fernando Alonso's junior team, she will finally make the switch to motor racing in the 2024 season. Paatz competed for the \u201cADAC Formula Junior Team\u201d in her debut season in the French Formula 4, where she attracted attention with respectable successes: in Magny-Cours, the schoolgirl started from the front row of the grid.<\/p>\n\n\n\n<p class=\"wp-block-paragraph\">In der Saison 2025 ging Paatz zun\u00e4chst in der Formula Winter Series an den Start, wo sie sich beim Finale in Barcelona einen Rennsieg in der Ladies-Trophy sicherte. Anschlie\u00dfend fuhr die 16-J\u00e4hrige f\u00fcr das eigene Team in der zentraleurop\u00e4ischen Formel-4-Meisterschaft, wobei sie ihrem gro\u00dfen Traum, eines Tages in der K\u00f6nigsklasse des Motorsports zu starten, wieder einen wichtigen Schritt n\u00e4herkam.<\/p>\n\n\n\n<p class=\"wp-block-paragraph\">Mathilda Paatz absolvierte einen Gaststart in der F1 Academy im Rahmenprogramm der Formel 1 in Kanada und \u00fcberzeugte auf Anhieb. Ihre starke Leistung blieb nicht unbemerkt: Gleich mehrere Formel-1-Teams zeigten Interesse an der jungen K\u00f6lnerin, die sich schlie\u00dflich einen Platz im Nachwuchsprogramm von Aston Martin sichern konnte. In der Saison 2026 wird die 17-J\u00e4hrige nun f\u00fcr Aston Martin in der F1 Academy an den Start gehen.<\/p>","protected":false},"excerpt":{"rendered":"<p>Mathilda Paatz &#8211; das Speedgirl Schon als Vierj\u00e4hrige stieg Mathilda zum ersten Mal ins Kart \u2013 nat\u00fcrlich an der Seite ihres Vaters. Und dort kam das Talent der heute 16-J\u00e4hrigen bereits zum Vorschein. \u201eIch war erstaunt, dass Mathilda auf unserem Doppelkart sofort instinktiv richtig reagierte\u201c, war Vater Michael Paatz stolz. \u201eSowohl die K\u00f6rperhaltung in den Kurven als auch die Einsch\u00e4tzung der Distanz funktionierten bereits nach wenigen Runden.\u201c Kein Wunder, dass der Nachwuchs eines Tages auch selbst hinter das Lenkrad klettern wollte. Der Wunsch wurde schnell zur Wirklichkeit. Und nach wenigen Runden wurde klar, dass Mathilda Paatz das Talent eines Rennfahrers <a href=\"https:\/\/mathilda-paatz.com\/en\/about\/\"><span class=\"meta-nav\">Weiterlesen&#8230;<\/span><\/a><\/p>","protected":false},"author":1,"featured_media":2305,"parent":0,"menu_order":0,"comment_status":"closed","ping_status":"closed","template":"","meta":{"_crdt_document":"","footnotes":""},"class_list":["post-1228","page","type-page","status-publish","has-post-thumbnail","hentry","has_featured_image"],"yoast_head":"<!-- This site is optimized with the Yoast SEO plugin v26.8 - https:\/\/yoast.com\/product\/yoast-seo-wordpress\/ -->\n<title>\u00dcber mich &#187; Mathilda Paatz<\/title>\n<meta name=\"robots\" content=\"index, follow, max-snippet:-1, max-image-preview:large, max-video-preview:-1\" \/>\n<link rel=\"canonical\" href=\"https:\/\/mathilda-paatz.com\/en\/about\/\" \/>\n<meta property=\"og:locale\" content=\"en_GB\" \/>\n<meta property=\"og:type\" content=\"article\" \/>\n<meta property=\"og:title\" content=\"\u00dcber mich &#187; Mathilda Paatz\" \/>\n<meta property=\"og:description\" content=\"Mathilda Paatz &#8211; das Speedgirl Schon als Vierj\u00e4hrige stieg Mathilda zum ersten Mal ins Kart \u2013 nat\u00fcrlich an der Seite ihres Vaters. Und dort kam das Talent der heute 16-J\u00e4hrigen bereits zum Vorschein. \u201eIch war erstaunt, dass Mathilda auf unserem Doppelkart sofort instinktiv richtig reagierte\u201c, war Vater Michael Paatz stolz. \u201eSowohl die K\u00f6rperhaltung in den Kurven als auch die Einsch\u00e4tzung der Distanz funktionierten bereits nach wenigen Runden.\u201c Kein Wunder, dass der Nachwuchs eines Tages auch selbst hinter das Lenkrad klettern wollte. Der Wunsch wurde schnell zur Wirklichkeit. Und nach wenigen Runden wurde klar, dass Mathilda Paatz das Talent eines Rennfahrers Weiterlesen...\" \/>\n<meta property=\"og:url\" content=\"https:\/\/mathilda-paatz.com\/en\/about\/\" \/>\n<meta property=\"og:site_name\" content=\"Mathilda Paatz\" \/>\n<meta property=\"article:modified_time\" content=\"2025-12-14T15:47:40+00:00\" \/>\n<meta property=\"og:image\" content=\"https:\/\/mathilda-paatz.com\/wp-content\/uploads\/2025\/12\/F1_ACADEMY_SH-47-scaled.jpg\" \/>\n\t<meta property=\"og:image:width\" content=\"2560\" \/>\n\t<meta property=\"og:image:height\" content=\"1706\" \/>\n\t<meta property=\"og:image:type\" content=\"image\/jpeg\" \/>\n<meta name=\"twitter:card\" content=\"summary_large_image\" \/>\n<meta name=\"twitter:label1\" content=\"Estimated reading time\" \/>\n\t<meta name=\"twitter:data1\" content=\"4 minutes\" \/>\n<script type=\"application\/ld+json\" class=\"yoast-schema-graph\">{\"@context\":\"https:\/\/schema.org\",\"@graph\":[{\"@type\":\"WebPage\",\"@id\":\"https:\/\/mathilda-paatz.com\/about\/\",\"url\":\"https:\/\/mathilda-paatz.com\/about\/\",\"name\":\"\u00dcber mich &#187; Mathilda Paatz\",\"isPartOf\":{\"@id\":\"https:\/\/mathilda-paatz.com\/#website\"},\"primaryImageOfPage\":{\"@id\":\"https:\/\/mathilda-paatz.com\/about\/#primaryimage\"},\"image\":{\"@id\":\"https:\/\/mathilda-paatz.com\/about\/#primaryimage\"},\"thumbnailUrl\":\"https:\/\/mathilda-paatz.com\/wp-content\/uploads\/2025\/12\/F1_ACADEMY_SH-47-scaled.jpg\",\"datePublished\":\"2022-07-25T19:53:48+00:00\",\"dateModified\":\"2025-12-14T15:47:40+00:00\",\"breadcrumb\":{\"@id\":\"https:\/\/mathilda-paatz.com\/about\/#breadcrumb\"},\"inLanguage\":\"en-GB\",\"potentialAction\":[{\"@type\":\"ReadAction\",\"target\":[\"https:\/\/mathilda-paatz.com\/about\/\"]}]},{\"@type\":\"ImageObject\",\"inLanguage\":\"en-GB\",\"@id\":\"https:\/\/mathilda-paatz.com\/about\/#primaryimage\",\"url\":\"https:\/\/mathilda-paatz.com\/wp-content\/uploads\/2025\/12\/F1_ACADEMY_SH-47-scaled.jpg\",\"contentUrl\":\"https:\/\/mathilda-paatz.com\/wp-content\/uploads\/2025\/12\/F1_ACADEMY_SH-47-scaled.jpg\",\"width\":2560,\"height\":1706,\"caption\":\"Mathilda Paatz\"},{\"@type\":\"BreadcrumbList\",\"@id\":\"https:\/\/mathilda-paatz.com\/about\/#breadcrumb\",\"itemListElement\":[{\"@type\":\"ListItem\",\"position\":1,\"name\":\"Startseite\",\"item\":\"https:\/\/mathilda-paatz.com\/\"},{\"@type\":\"ListItem\",\"position\":2,\"name\":\"\u00dcber mich\"}]},{\"@type\":\"WebSite\",\"@id\":\"https:\/\/mathilda-paatz.com\/#website\",\"url\":\"https:\/\/mathilda-paatz.com\/\",\"name\":\"Mathilda Paatz\",\"description\":\"Das Speedgirl aus K\u00f6ln\",\"publisher\":{\"@id\":\"https:\/\/mathilda-paatz.com\/#\/schema\/person\/bb1118b4bd0b68d5583bdc80c9b6d30e\"},\"potentialAction\":[{\"@type\":\"SearchAction\",\"target\":{\"@type\":\"EntryPoint\",\"urlTemplate\":\"https:\/\/mathilda-paatz.com\/?s={search_term_string}\"},\"query-input\":{\"@type\":\"PropertyValueSpecification\",\"valueRequired\":true,\"valueName\":\"search_term_string\"}}],\"inLanguage\":\"en-GB\"},{\"@type\":[\"Person\",\"Organization\"],\"@id\":\"https:\/\/mathilda-paatz.com\/#\/schema\/person\/bb1118b4bd0b68d5583bdc80c9b6d30e\",\"name\":\"Mathilda Paatz\",\"image\":{\"@type\":\"ImageObject\",\"inLanguage\":\"en-GB\",\"@id\":\"https:\/\/mathilda-paatz.com\/#\/schema\/person\/image\/\",\"url\":\"https:\/\/mathilda-paatz.com\/wp-content\/uploads\/2021\/01\/cropped-Speedgirl_Logo.png\",\"contentUrl\":\"https:\/\/mathilda-paatz.com\/wp-content\/uploads\/2021\/01\/cropped-Speedgirl_Logo.png\",\"width\":512,\"height\":512,\"caption\":\"Mathilda Paatz\"},\"logo\":{\"@id\":\"https:\/\/mathilda-paatz.com\/#\/schema\/person\/image\/\"},\"sameAs\":[\"https:\/\/mathilda-paatz.com\",\"https:\/\/www.instagram.com\/mathilda_paatz\/\"]}]}<\/script>\n<!-- \/ Yoast SEO plugin. -->","yoast_head_json":{"title":"\u00dcber mich &#187; Mathilda Paatz","robots":{"index":"index","follow":"follow","max-snippet":"max-snippet:-1","max-image-preview":"max-image-preview:large","max-video-preview":"max-video-preview:-1"},"canonical":"https:\/\/mathilda-paatz.com\/en\/about\/","og_locale":"en_GB","og_type":"article","og_title":"\u00dcber mich &#187; Mathilda Paatz","og_description":"Mathilda Paatz &#8211; das Speedgirl Schon als Vierj\u00e4hrige stieg Mathilda zum ersten Mal ins Kart \u2013 nat\u00fcrlich an der Seite ihres Vaters. Und dort kam das Talent der heute 16-J\u00e4hrigen bereits zum Vorschein. \u201eIch war erstaunt, dass Mathilda auf unserem Doppelkart sofort instinktiv richtig reagierte\u201c, war Vater Michael Paatz stolz. \u201eSowohl die K\u00f6rperhaltung in den Kurven als auch die Einsch\u00e4tzung der Distanz funktionierten bereits nach wenigen Runden.\u201c Kein Wunder, dass der Nachwuchs eines Tages auch selbst hinter das Lenkrad klettern wollte. Der Wunsch wurde schnell zur Wirklichkeit. Und nach wenigen Runden wurde klar, dass Mathilda Paatz das Talent eines Rennfahrers Weiterlesen...","og_url":"https:\/\/mathilda-paatz.com\/en\/about\/","og_site_name":"Mathilda Paatz","article_modified_time":"2025-12-14T15:47:40+00:00","og_image":[{"width":2560,"height":1706,"url":"https:\/\/mathilda-paatz.com\/wp-content\/uploads\/2025\/12\/F1_ACADEMY_SH-47-scaled.jpg","type":"image\/jpeg"}],"twitter_card":"summary_large_image","twitter_misc":{"Estimated reading time":"4 minutes"},"schema":{"@context":"https:\/\/schema.org","@graph":[{"@type":"WebPage","@id":"https:\/\/mathilda-paatz.com\/about\/","url":"https:\/\/mathilda-paatz.com\/about\/","name":"\u00dcber mich &#187; Mathilda Paatz","isPartOf":{"@id":"https:\/\/mathilda-paatz.com\/#website"},"primaryImageOfPage":{"@id":"https:\/\/mathilda-paatz.com\/about\/#primaryimage"},"image":{"@id":"https:\/\/mathilda-paatz.com\/about\/#primaryimage"},"thumbnailUrl":"https:\/\/mathilda-paatz.com\/wp-content\/uploads\/2025\/12\/F1_ACADEMY_SH-47-scaled.jpg","datePublished":"2022-07-25T19:53:48+00:00","dateModified":"2025-12-14T15:47:40+00:00","breadcrumb":{"@id":"https:\/\/mathilda-paatz.com\/about\/#breadcrumb"},"inLanguage":"en-GB","potentialAction":[{"@type":"ReadAction","target":["https:\/\/mathilda-paatz.com\/about\/"]}]},{"@type":"ImageObject","inLanguage":"en-GB","@id":"https:\/\/mathilda-paatz.com\/about\/#primaryimage","url":"https:\/\/mathilda-paatz.com\/wp-content\/uploads\/2025\/12\/F1_ACADEMY_SH-47-scaled.jpg","contentUrl":"https:\/\/mathilda-paatz.com\/wp-content\/uploads\/2025\/12\/F1_ACADEMY_SH-47-scaled.jpg","width":2560,"height":1706,"caption":"Mathilda Paatz"},{"@type":"BreadcrumbList","@id":"https:\/\/mathilda-paatz.com\/about\/#breadcrumb","itemListElement":[{"@type":"ListItem","position":1,"name":"Startseite","item":"https:\/\/mathilda-paatz.com\/"},{"@type":"ListItem","position":2,"name":"\u00dcber mich"}]},{"@type":"WebSite","@id":"https:\/\/mathilda-paatz.com\/#website","url":"https:\/\/mathilda-paatz.com\/","name":"Mathilda Paatz","description":"Das Speedgirl aus K\u00f6ln","publisher":{"@id":"https:\/\/mathilda-paatz.com\/#\/schema\/person\/bb1118b4bd0b68d5583bdc80c9b6d30e"},"potentialAction":[{"@type":"SearchAction","target":{"@type":"EntryPoint","urlTemplate":"https:\/\/mathilda-paatz.com\/?s={search_term_string}"},"query-input":{"@type":"PropertyValueSpecification","valueRequired":true,"valueName":"search_term_string"}}],"inLanguage":"en-GB"},{"@type":["Person","Organization"],"@id":"https:\/\/mathilda-paatz.com\/#\/schema\/person\/bb1118b4bd0b68d5583bdc80c9b6d30e","name":"Mathilda Paatz","image":{"@type":"ImageObject","inLanguage":"en-GB","@id":"https:\/\/mathilda-paatz.com\/#\/schema\/person\/image\/","url":"https:\/\/mathilda-paatz.com\/wp-content\/uploads\/2021\/01\/cropped-Speedgirl_Logo.png","contentUrl":"https:\/\/mathilda-paatz.com\/wp-content\/uploads\/2021\/01\/cropped-Speedgirl_Logo.png","width":512,"height":512,"caption":"Mathilda Paatz"},"logo":{"@id":"https:\/\/mathilda-paatz.com\/#\/schema\/person\/image\/"},"sameAs":["https:\/\/mathilda-paatz.com","https:\/\/www.instagram.com\/mathilda_paatz\/"]}]}},"_links":{"self":[{"href":"https:\/\/mathilda-paatz.com\/en\/wp-json\/wp\/v2\/pages\/1228","targetHints":{"allow":["GET"]}}],"collection":[{"href":"https:\/\/mathilda-paatz.com\/en\/wp-json\/wp\/v2\/pages"}],"about":[{"href":"https:\/\/mathilda-paatz.com\/en\/wp-json\/wp\/v2\/types\/page"}],"author":[{"embeddable":true,"href":"https:\/\/mathilda-paatz.com\/en\/wp-json\/wp\/v2\/users\/1"}],"replies":[{"embeddable":true,"href":"https:\/\/mathilda-paatz.com\/en\/wp-json\/wp\/v2\/comments?post=1228"}],"version-history":[{"count":9,"href":"https:\/\/mathilda-paatz.com\/en\/wp-json\/wp\/v2\/pages\/1228\/revisions"}],"predecessor-version":[{"id":2303,"href":"https:\/\/mathilda-paatz.com\/en\/wp-json\/wp\/v2\/pages\/1228\/revisions\/2303"}],"wp:featuredmedia":[{"embeddable":true,"href":"https:\/\/mathilda-paatz.com\/en\/wp-json\/wp\/v2\/media\/2305"}],"wp:attachment":[{"href":"https:\/\/mathilda-paatz.com\/en\/wp-json\/wp\/v2\/media?parent=1228"}],"curies":[{"name":"wp","href":"https:\/\/api.w.org\/{rel}","templated":true}]}}