{"id":81,"date":"2022-07-26T07:58:32","date_gmt":"2022-07-26T05:58:32","guid":{"rendered":"http:\/\/localhost\/fw\/?page_id=81"},"modified":"2025-04-22T11:50:19","modified_gmt":"2025-04-22T09:50:19","slug":"karriere","status":"publish","type":"page","link":"https:\/\/mathilda-paatz.com\/de\/karriere\/","title":{"rendered":"Karriere &#038; Erfolge"},"content":{"rendered":"<ul class='template_ul cbp_tmtimeline x_timelines' id='#timelne_one'>\n<li><time class=\"cbp_tmtime\" datetime=\"$year $date\"><span><\/span> <span>2025<\/span><\/time><div class=\"cbp_tmicon icon-target trans05\"><\/div><div class=\"cbp_tmlabel trans05\"><h2>Formel 4 CEZ<\/h2><p>\n<a href=\"https:\/\/mathilda-paatz.com\/wp-content\/uploads\/2025\/02\/Paatz_Portimao_header_1000px.jpg\" class=\"prettyPhoto\" title=\"Paatz_Portimao_header_1000px\"><img loading=\"lazy\" decoding=\"async\" class=\"alignnone size-full wp-image-2203\" src=\"https:\/\/mathilda-paatz.com\/wp-content\/uploads\/2025\/02\/Paatz_Portimao_header_1000px.jpg\" alt=\"\" width=\"1000\" height=\"667\" srcset=\"https:\/\/mathilda-paatz.com\/wp-content\/uploads\/2025\/02\/Paatz_Portimao_header_1000px.jpg 1000w, https:\/\/mathilda-paatz.com\/wp-content\/uploads\/2025\/02\/Paatz_Portimao_header_1000px-768x512.jpg 768w, https:\/\/mathilda-paatz.com\/wp-content\/uploads\/2025\/02\/Paatz_Portimao_header_1000px-18x12.jpg 18w, https:\/\/mathilda-paatz.com\/wp-content\/uploads\/2025\/02\/Paatz_Portimao_header_1000px-600x400.jpg 600w, https:\/\/mathilda-paatz.com\/wp-content\/uploads\/2025\/02\/Paatz_Portimao_header_1000px-500x334.jpg 500w\" sizes=\"auto, (max-width: 1000px) 100vw, 1000px image-wp\" \/><\/a><\/p>\n<p>In der Saison 2025 startet Mathilda Paatz in der Formula Winter Series sowie in der Formel 4 CEZ, wobei sie dort sogar f\u00fcr das eigene Team &#8222;mathilda racing&#8220; f\u00e4hrt. Schon beim Auftakt auf dem Red Bull Ring erreichte Paatz im dritten Rennen den neunten Gesamtrang und damit ihre ersten Punkte in einer offiziellen FIA-Meisterschaft.<br \/>\n<\/p><\/div><\/li>\n<li><time class=\"cbp_tmtime\" datetime=\"$year $date\"><span><\/span> <span>2024<\/span><\/time><div class=\"cbp_tmicon icon-target trans05\"><\/div><div class=\"cbp_tmlabel trans05\"><h2>Formel 4 Frankreich<\/h2><p>\n<a href=\"https:\/\/mathilda-paatz.com\/wp-content\/uploads\/2024\/08\/Paatz_MagnyCours_header_1000px.jpg\" class=\"prettyPhoto\" title=\"(DEU) &#8211; F4, MYGALE \/ RENAULT \/ PIRELLI &#8211; FFSA Academy\"><img loading=\"lazy\" decoding=\"async\" class=\"wp-image-2174 size-full aligncenter\" src=\"https:\/\/mathilda-paatz.com\/wp-content\/uploads\/2024\/08\/Paatz_MagnyCours_header_1000px.jpg\" alt=\"\" width=\"1000\" height=\"667\" srcset=\"https:\/\/mathilda-paatz.com\/wp-content\/uploads\/2024\/08\/Paatz_MagnyCours_header_1000px.jpg 1000w, https:\/\/mathilda-paatz.com\/wp-content\/uploads\/2024\/08\/Paatz_MagnyCours_header_1000px-768x512.jpg 768w, https:\/\/mathilda-paatz.com\/wp-content\/uploads\/2024\/08\/Paatz_MagnyCours_header_1000px-18x12.jpg 18w, https:\/\/mathilda-paatz.com\/wp-content\/uploads\/2024\/08\/Paatz_MagnyCours_header_1000px-600x400.jpg 600w, https:\/\/mathilda-paatz.com\/wp-content\/uploads\/2024\/08\/Paatz_MagnyCours_header_1000px-500x334.jpg 500w\" sizes=\"auto, (max-width: 1000px) 100vw, 1000px image-wp\" \/><\/a><\/p>\n<p>In der Saison 2024 ist Mathilda Paatz der Umstieg in den Formelsport gelungen. Die K\u00f6lnerin startet f\u00fcr das ADAC Formel 4 Junior Team in der franz\u00f6sischen Formel-4-Meisterschaft und sammelt ihre ersten Erfahrungen. Mit einigen H\u00f6hepunkten, beispielsweise einem zweiten Startplatz in Magny-Course, stellt die 16-J\u00e4hrige ihr Talent unter Beweis. Nichtsdestotrotz ist die erste Saison im Formelauto vor allem ein Lehrjahr.<br \/>\n<\/p><\/div><\/li>\n<li><time class=\"cbp_tmtime\" datetime=\"$year $date\"><span><\/span> <span>2023<\/span><\/time><div class=\"cbp_tmicon icon-target trans05\"><\/div><div class=\"cbp_tmlabel trans05\"><h2>OK Senioren<\/h2><p>\n<a href=\"https:\/\/mathilda-paatz.com\/wp-content\/uploads\/2023\/09\/Paatz_WSK_Franciacorta_1000px.jpg\" class=\"prettyPhoto\" title=\"Paatz_WSK_Franciacorta_1000px\"><img loading=\"lazy\" decoding=\"async\" class=\"alignnone wp-image-2067 size-full\" src=\"https:\/\/mathilda-paatz.com\/wp-content\/uploads\/2023\/09\/Paatz_WSK_Franciacorta_1000px.jpg\" alt=\"\" width=\"1000\" height=\"667\" srcset=\"https:\/\/mathilda-paatz.com\/wp-content\/uploads\/2023\/09\/Paatz_WSK_Franciacorta_1000px.jpg 1000w, https:\/\/mathilda-paatz.com\/wp-content\/uploads\/2023\/09\/Paatz_WSK_Franciacorta_1000px-768x512.jpg 768w, https:\/\/mathilda-paatz.com\/wp-content\/uploads\/2023\/09\/Paatz_WSK_Franciacorta_1000px-18x12.jpg 18w, https:\/\/mathilda-paatz.com\/wp-content\/uploads\/2023\/09\/Paatz_WSK_Franciacorta_1000px-600x400.jpg 600w, https:\/\/mathilda-paatz.com\/wp-content\/uploads\/2023\/09\/Paatz_WSK_Franciacorta_1000px-500x334.jpg 500w\" sizes=\"auto, (max-width: 1000px) 100vw, 1000px image-wp\" \/><\/a><\/p>\n<p>In der Saison 2023 sammelte Mathilda Paatz wichtige Erfahrungen auf internationaler Ebene. F\u00fcr DPK-Racing, dem Nachwuchsteam von Formel-1-Weltmeister Fernando Alonso, startete die K\u00f6lnerin bei der Champions of the Future Euro Series und bei den Rennen der Europa- und Weltmeisterschaft. Dar\u00fcber hinaus k\u00e4mpfte sich Paatz wieder in das Finale von &#8222;FIA Girls on Track&#8220;, wo sie die ersten Erfahrungen im Formel-4-Boliden sammelte. Auch dort konnte die Sch\u00fclerin mit schnellen Rundenzeiten gl\u00e4nzen.<br \/>\n<\/p><\/div><\/li>\n<li><time class=\"cbp_tmtime\" datetime=\"$year $date\"><span><\/span> <span>2022<\/span><\/time><div class=\"cbp_tmicon icon-target trans05\"><\/div><div class=\"cbp_tmlabel trans05\"><h2>OK Junioren<\/h2><p>\n<a href=\"https:\/\/mathilda-paatz.com\/wp-content\/uploads\/2023\/01\/Erfolge2022.1.png\" class=\"prettyPhoto\" title=\"Erfolge2022.1\"><img loading=\"lazy\" decoding=\"async\" class=\"alignnone size-full wp-image-1980\" src=\"https:\/\/mathilda-paatz.com\/wp-content\/uploads\/2023\/01\/Erfolge2022.1.png\" alt=\"\" width=\"1500\" height=\"200\" srcset=\"https:\/\/mathilda-paatz.com\/wp-content\/uploads\/2023\/01\/Erfolge2022.1.png 1500w, https:\/\/mathilda-paatz.com\/wp-content\/uploads\/2023\/01\/Erfolge2022.1-768x102.png 768w, https:\/\/mathilda-paatz.com\/wp-content\/uploads\/2023\/01\/Erfolge2022.1-18x2.png 18w, https:\/\/mathilda-paatz.com\/wp-content\/uploads\/2023\/01\/Erfolge2022.1-500x67.png 500w\" sizes=\"auto, (max-width: 1500px) 100vw, 1500px image-wp\" \/><\/a><\/p>\n<p><a href=\"https:\/\/mathilda-paatz.com\/wp-content\/uploads\/2022\/10\/Paatz_WSKOpenCup_Lonato_header_1000px.jpg\" class=\"prettyPhoto\" title=\"02\/10\/22, LONATO, South Garda Karting, WSK &#8211; Open Cup\"><img loading=\"lazy\" decoding=\"async\" class=\"size-full wp-image-1917\" src=\"https:\/\/mathilda-paatz.com\/wp-content\/uploads\/2022\/10\/Paatz_WSKOpenCup_Lonato_header_1000px.jpg\" alt=\"\" width=\"1000\" height=\"667\" srcset=\"https:\/\/mathilda-paatz.com\/wp-content\/uploads\/2022\/10\/Paatz_WSKOpenCup_Lonato_header_1000px.jpg 1000w, https:\/\/mathilda-paatz.com\/wp-content\/uploads\/2022\/10\/Paatz_WSKOpenCup_Lonato_header_1000px-768x512.jpg 768w, https:\/\/mathilda-paatz.com\/wp-content\/uploads\/2022\/10\/Paatz_WSKOpenCup_Lonato_header_1000px-18x12.jpg 18w, https:\/\/mathilda-paatz.com\/wp-content\/uploads\/2022\/10\/Paatz_WSKOpenCup_Lonato_header_1000px-600x400.jpg 600w, https:\/\/mathilda-paatz.com\/wp-content\/uploads\/2022\/10\/Paatz_WSKOpenCup_Lonato_header_1000px-500x334.jpg 500w\" sizes=\"auto, (max-width: 1000px) 100vw, 1000px image-wp\" \/><\/a><\/p>\n<p>In der Saison 2022 war Mathilda Paatz in der OK Junior Klasse am Start, unter anderem im ADAC Kart Masters (3. Gesamtrang und Sieg im Ladies Cup) sowie in der WSK Series und der FIA Kart Weltmeisterschaft. Das &#8222;Speedgirl&#8220; wurde nominiert, um Deutschland als Teil des &#8222;Motorsport Team Germany&#8220; bei den FIA Motorsport Games und in der FIA Karting Academy Trophy zu vertreten. Als Top-4-Finalteilnehmerin k\u00e4mpfte Mathilda Paatz bis zum Finale von &#8222;FIA Girls on Track&#8220; um den Titel.<br \/>\n<\/p><\/div><\/li>\n<li><time class=\"cbp_tmtime\" datetime=\"$year $date\"><span><\/span> <span>2021<\/span><\/time><div class=\"cbp_tmicon icon-target trans05\"><\/div><div class=\"cbp_tmlabel trans05\"><h2>OK Junioren<\/h2><p>\n<a href=\"http:\/\/mathilda-paatz.de\/wp-content\/uploads\/2021\/11\/Erfolge2021.2.png\" class=\"prettyPhoto\" title=\"Erfolge2021.2\"><img loading=\"lazy\" decoding=\"async\" class=\"alignnone size-full wp-image-1632\" src=\"http:\/\/mathilda-paatz.de\/wp-content\/uploads\/2021\/11\/Erfolge2021.2.png\" alt=\"\" width=\"1500\" height=\"200\" srcset=\"https:\/\/mathilda-paatz.com\/wp-content\/uploads\/2021\/11\/Erfolge2021.2.png 1500w, https:\/\/mathilda-paatz.com\/wp-content\/uploads\/2021\/11\/Erfolge2021.2-768x102.png 768w, https:\/\/mathilda-paatz.com\/wp-content\/uploads\/2021\/11\/Erfolge2021.2-500x67.png 500w\" sizes=\"auto, (max-width: 1500px) 100vw, 1500px image-wp\" \/><\/a><a href=\"http:\/\/mathilda-paatz.de\/wp-content\/uploads\/2021\/08\/MathildaPaatz_ADAC_Wackersdorf_3.jpg\" class=\"prettyPhoto\" title=\"MathildaPaatz_ADAC_Wackersdorf_3\"><img loading=\"lazy\" decoding=\"async\" class=\"alignnone size-full wp-image-1538\" src=\"http:\/\/mathilda-paatz.de\/wp-content\/uploads\/2021\/08\/MathildaPaatz_ADAC_Wackersdorf_3.jpg\" alt=\"\" width=\"1000\" height=\"667\" srcset=\"https:\/\/mathilda-paatz.com\/wp-content\/uploads\/2021\/08\/MathildaPaatz_ADAC_Wackersdorf_3.jpg 1000w, https:\/\/mathilda-paatz.com\/wp-content\/uploads\/2021\/08\/MathildaPaatz_ADAC_Wackersdorf_3-768x512.jpg 768w, https:\/\/mathilda-paatz.com\/wp-content\/uploads\/2021\/08\/MathildaPaatz_ADAC_Wackersdorf_3-600x400.jpg 600w, https:\/\/mathilda-paatz.com\/wp-content\/uploads\/2021\/08\/MathildaPaatz_ADAC_Wackersdorf_3-500x334.jpg 500w\" sizes=\"auto, (max-width: 1000px) 100vw, 1000px image-wp\" \/><\/a>In der Saison 2021 startete Mathilda Paatz in der OK Junior Klasse des ADAC Kart Masters sowie in der Deutschen Junioren Kart-Meisterschaft. Gemeinsam mit dem TB Racing Team um Teamchef Thomas Braum\u00fcller nahm die schnelle K\u00f6lnerin die Top-Ten-Pl\u00e4tze ins Visier. In M\u00fclsen und Wackersdorf gelang Paatz diese Zielsetzung. Zudem wurde das &#8222;Speedgirl&#8220; am Ende des Jahres als drittbeste Dame der Saison gek\u00fcrt.<br \/>\n<\/p><\/div><\/li>\n<li><time class=\"cbp_tmtime\" datetime=\"$year $date\"><span><\/span> <span>2020<\/span><\/time><div class=\"cbp_tmicon icon-trophy trans05\"><\/div><div class=\"cbp_tmlabel trans05\"><h2>Mini<\/h2><p>\n<a href=\"http:\/\/mathilda-paatz.de\/wp-content\/uploads\/2021\/08\/Erfolge2020.png\" class=\"prettyPhoto\" title=\"Erfolge2020\"><img loading=\"lazy\" decoding=\"async\" class=\"alignnone size-full wp-image-1552\" src=\"http:\/\/mathilda-paatz.de\/wp-content\/uploads\/2021\/08\/Erfolge2020.png\" alt=\"\" width=\"800\" height=\"107\" srcset=\"https:\/\/mathilda-paatz.com\/wp-content\/uploads\/2021\/08\/Erfolge2020.png 800w, https:\/\/mathilda-paatz.com\/wp-content\/uploads\/2021\/08\/Erfolge2020-768x103.png 768w, https:\/\/mathilda-paatz.com\/wp-content\/uploads\/2021\/08\/Erfolge2020-500x67.png 500w\" sizes=\"auto, (max-width: 800px) 100vw, 800px image-wp\" \/><\/a><a href=\"http:\/\/mathilda-paatz.de\/wp-content\/uploads\/2021\/08\/Erfolge2020.2.png\" class=\"prettyPhoto\" title=\"Erfolge2020.2\"><img loading=\"lazy\" decoding=\"async\" class=\"alignnone wp-image-1553 size-full\" src=\"http:\/\/mathilda-paatz.de\/wp-content\/uploads\/2021\/08\/Erfolge2020.2.png\" alt=\"\" width=\"800\" height=\"107\" srcset=\"https:\/\/mathilda-paatz.com\/wp-content\/uploads\/2021\/08\/Erfolge2020.2.png 800w, https:\/\/mathilda-paatz.com\/wp-content\/uploads\/2021\/08\/Erfolge2020.2-768x103.png 768w, https:\/\/mathilda-paatz.com\/wp-content\/uploads\/2021\/08\/Erfolge2020.2-500x67.png 500w\" sizes=\"auto, (max-width: 800px) 100vw, 800px image-wp\" \/><\/a><img decoding=\"async\" src=\"http:\/\/mathilda-paatz.de\/wp-content\/uploads\/2021\/02\/Mathilda-Paatz_1500px.jpg\" \/><\/p>\n<p>In der Saison 2020 war Mathilda Paatz mit dem TB Racing Team in der Mini-Klasse am Start. Im ADAC Kart Masters verpasste das Speedgirl den Titel als Dritte nur knapp und wurde als beste Lady der Meisterschaft geehrt. Im Gegenzug reicht es im Westdeutschen ADAC Kart Cup, kurz WAKC, zum Meistertitel. Ein weiteres Highlight war die Teilnahme am internationalen ROK Cup Superfinal in Italien, wo die Sch\u00fclerin ebenfalls das beste M\u00e4dchen pr\u00e4sentierte.<br \/>\n<\/p><\/div><\/li>\n<li><time class=\"cbp_tmtime\" datetime=\"$year $date\"><span><\/span> <span>2019<\/span><\/time><div class=\"cbp_tmicon icon-bookmark trans05\"><\/div><div class=\"cbp_tmlabel trans05\"><h2>KCK TalentsCup<\/h2><p><a href=\"http:\/\/mathilda-paatz.de\/wp-content\/uploads\/2021\/08\/Erfolge2019.png\" class=\"prettyPhoto\" title=\"Erfolge2019\"><img loading=\"lazy\" decoding=\"async\" class=\"alignnone wp-image-1551 size-full\" src=\"http:\/\/mathilda-paatz.de\/wp-content\/uploads\/2021\/08\/Erfolge2019.png\" alt=\"\" width=\"800\" height=\"107\" srcset=\"https:\/\/mathilda-paatz.com\/wp-content\/uploads\/2021\/08\/Erfolge2019.png 800w, https:\/\/mathilda-paatz.com\/wp-content\/uploads\/2021\/08\/Erfolge2019-768x103.png 768w, https:\/\/mathilda-paatz.com\/wp-content\/uploads\/2021\/08\/Erfolge2019-500x67.png 500w\" sizes=\"auto, (max-width: 800px) 100vw, 800px image-wp\" \/><\/a><br \/>\n<img decoding=\"async\" src=\"http:\/\/mathilda-paatz.de\/wp-content\/uploads\/2021\/02\/MathildaPaatz2019.jpg\" \/>Mathilda Paatz nahm in der Saison 2019 am ROK Mini TalentsCup teil. Am Ende des Jahres belegt das Speedgirl den dritten Platz in der Meisterschaft und unterstreicht ihr Talent somit. Als Belohnung darf die Sch\u00fclerin beim ROK Cup Superfinal im italienischen Lonato an den Start gehen.<br \/>\n<\/p><\/div><\/li>\n<li><time class=\"cbp_tmtime\" datetime=\"$year $date\"><span><\/span> <span>2018<\/span><\/time><div class=\"cbp_tmicon icon-rocket trans05\"><\/div><div class=\"cbp_tmlabel trans05\"><h2>Der Beginn<\/h2><p>\nDer Beginn einer gro\u00dfen Karriere? Mathilda Paatz macht die ersten Schritte im Kartsport und bereitet sich auf den professionellen Einstieg in die Meisterschaften vor. Schon damals ist zu erkennen, dass die Neunj\u00e4hrige das notwendige Talent f\u00fcr eine erfolgreiche Karriere mitbringt&#8230;<br \/>\n<\/p><\/div><\/li>\n<\/ul>\n","protected":false},"excerpt":{"rendered":"","protected":false},"author":1,"featured_media":1511,"parent":0,"menu_order":14,"comment_status":"closed","ping_status":"open","template":"","meta":{"_crdt_document":"","footnotes":""},"class_list":["post-81","page","type-page","status-publish","has-post-thumbnail","hentry","has_featured_image"],"yoast_head":"<!-- This site is optimized with the Yoast SEO plugin v26.8 - https:\/\/yoast.com\/product\/yoast-seo-wordpress\/ -->\n<title>Karriere &amp; Erfolge &#187; Mathilda Paatz<\/title>\n<meta name=\"robots\" content=\"index, follow, max-snippet:-1, max-image-preview:large, max-video-preview:-1\" \/>\n<link rel=\"canonical\" href=\"https:\/\/mathilda-paatz.com\/de\/karriere\/\" \/>\n<meta property=\"og:locale\" content=\"de_DE\" \/>\n<meta property=\"og:type\" content=\"article\" \/>\n<meta property=\"og:title\" content=\"Karriere &amp; Erfolge &#187; Mathilda Paatz\" \/>\n<meta property=\"og:url\" content=\"https:\/\/mathilda-paatz.com\/de\/karriere\/\" \/>\n<meta property=\"og:site_name\" content=\"Mathilda Paatz\" \/>\n<meta property=\"article:modified_time\" content=\"2025-04-22T09:50:19+00:00\" \/>\n<meta property=\"og:image\" content=\"https:\/\/mathilda-paatz.com\/wp-content\/uploads\/2021\/07\/Erfolge.png\" \/>\n\t<meta property=\"og:image:width\" content=\"1024\" \/>\n\t<meta property=\"og:image:height\" content=\"682\" \/>\n\t<meta property=\"og:image:type\" content=\"image\/png\" \/>\n<meta name=\"twitter:card\" content=\"summary_large_image\" \/>\n<meta name=\"twitter:label1\" content=\"Gesch\u00e4tzte Lesezeit\" \/>\n\t<meta name=\"twitter:data1\" content=\"6\u00a0Minuten\" \/>\n<script type=\"application\/ld+json\" class=\"yoast-schema-graph\">{\"@context\":\"https:\/\/schema.org\",\"@graph\":[{\"@type\":\"WebPage\",\"@id\":\"https:\/\/mathilda-paatz.com\/karriere\/\",\"url\":\"https:\/\/mathilda-paatz.com\/karriere\/\",\"name\":\"Karriere & Erfolge &#187; Mathilda Paatz\",\"isPartOf\":{\"@id\":\"https:\/\/mathilda-paatz.com\/#website\"},\"primaryImageOfPage\":{\"@id\":\"https:\/\/mathilda-paatz.com\/karriere\/#primaryimage\"},\"image\":{\"@id\":\"https:\/\/mathilda-paatz.com\/karriere\/#primaryimage\"},\"thumbnailUrl\":\"https:\/\/mathilda-paatz.com\/wp-content\/uploads\/2021\/07\/Erfolge.png\",\"datePublished\":\"2022-07-26T05:58:32+00:00\",\"dateModified\":\"2025-04-22T09:50:19+00:00\",\"breadcrumb\":{\"@id\":\"https:\/\/mathilda-paatz.com\/karriere\/#breadcrumb\"},\"inLanguage\":\"de\",\"potentialAction\":[{\"@type\":\"ReadAction\",\"target\":[\"https:\/\/mathilda-paatz.com\/karriere\/\"]}]},{\"@type\":\"ImageObject\",\"inLanguage\":\"de\",\"@id\":\"https:\/\/mathilda-paatz.com\/karriere\/#primaryimage\",\"url\":\"https:\/\/mathilda-paatz.com\/wp-content\/uploads\/2021\/07\/Erfolge.png\",\"contentUrl\":\"https:\/\/mathilda-paatz.com\/wp-content\/uploads\/2021\/07\/Erfolge.png\",\"width\":2000,\"height\":1333},{\"@type\":\"BreadcrumbList\",\"@id\":\"https:\/\/mathilda-paatz.com\/karriere\/#breadcrumb\",\"itemListElement\":[{\"@type\":\"ListItem\",\"position\":1,\"name\":\"Startseite\",\"item\":\"https:\/\/mathilda-paatz.com\/\"},{\"@type\":\"ListItem\",\"position\":2,\"name\":\"Karriere &#038; Erfolge\"}]},{\"@type\":\"WebSite\",\"@id\":\"https:\/\/mathilda-paatz.com\/#website\",\"url\":\"https:\/\/mathilda-paatz.com\/\",\"name\":\"Mathilda Paatz\",\"description\":\"Das Speedgirl aus K\u00f6ln\",\"publisher\":{\"@id\":\"https:\/\/mathilda-paatz.com\/#\/schema\/person\/bb1118b4bd0b68d5583bdc80c9b6d30e\"},\"potentialAction\":[{\"@type\":\"SearchAction\",\"target\":{\"@type\":\"EntryPoint\",\"urlTemplate\":\"https:\/\/mathilda-paatz.com\/?s={search_term_string}\"},\"query-input\":{\"@type\":\"PropertyValueSpecification\",\"valueRequired\":true,\"valueName\":\"search_term_string\"}}],\"inLanguage\":\"de\"},{\"@type\":[\"Person\",\"Organization\"],\"@id\":\"https:\/\/mathilda-paatz.com\/#\/schema\/person\/bb1118b4bd0b68d5583bdc80c9b6d30e\",\"name\":\"Mathilda Paatz\",\"image\":{\"@type\":\"ImageObject\",\"inLanguage\":\"de\",\"@id\":\"https:\/\/mathilda-paatz.com\/#\/schema\/person\/image\/\",\"url\":\"https:\/\/mathilda-paatz.com\/wp-content\/uploads\/2021\/01\/cropped-Speedgirl_Logo.png\",\"contentUrl\":\"https:\/\/mathilda-paatz.com\/wp-content\/uploads\/2021\/01\/cropped-Speedgirl_Logo.png\",\"width\":512,\"height\":512,\"caption\":\"Mathilda Paatz\"},\"logo\":{\"@id\":\"https:\/\/mathilda-paatz.com\/#\/schema\/person\/image\/\"},\"sameAs\":[\"https:\/\/mathilda-paatz.com\",\"https:\/\/www.instagram.com\/mathilda_paatz\/\"]}]}<\/script>\n<!-- \/ Yoast SEO plugin. -->","yoast_head_json":{"title":"Karriere & Erfolge &#187; Mathilda Paatz","robots":{"index":"index","follow":"follow","max-snippet":"max-snippet:-1","max-image-preview":"max-image-preview:large","max-video-preview":"max-video-preview:-1"},"canonical":"https:\/\/mathilda-paatz.com\/de\/karriere\/","og_locale":"de_DE","og_type":"article","og_title":"Karriere & Erfolge &#187; Mathilda Paatz","og_url":"https:\/\/mathilda-paatz.com\/de\/karriere\/","og_site_name":"Mathilda Paatz","article_modified_time":"2025-04-22T09:50:19+00:00","og_image":[{"url":"https:\/\/mathilda-paatz.com\/wp-content\/uploads\/2021\/07\/Erfolge.png","width":1024,"height":682,"type":"image\/png"}],"twitter_card":"summary_large_image","twitter_misc":{"Gesch\u00e4tzte Lesezeit":"6\u00a0Minuten"},"schema":{"@context":"https:\/\/schema.org","@graph":[{"@type":"WebPage","@id":"https:\/\/mathilda-paatz.com\/karriere\/","url":"https:\/\/mathilda-paatz.com\/karriere\/","name":"Karriere & Erfolge &#187; Mathilda Paatz","isPartOf":{"@id":"https:\/\/mathilda-paatz.com\/#website"},"primaryImageOfPage":{"@id":"https:\/\/mathilda-paatz.com\/karriere\/#primaryimage"},"image":{"@id":"https:\/\/mathilda-paatz.com\/karriere\/#primaryimage"},"thumbnailUrl":"https:\/\/mathilda-paatz.com\/wp-content\/uploads\/2021\/07\/Erfolge.png","datePublished":"2022-07-26T05:58:32+00:00","dateModified":"2025-04-22T09:50:19+00:00","breadcrumb":{"@id":"https:\/\/mathilda-paatz.com\/karriere\/#breadcrumb"},"inLanguage":"de","potentialAction":[{"@type":"ReadAction","target":["https:\/\/mathilda-paatz.com\/karriere\/"]}]},{"@type":"ImageObject","inLanguage":"de","@id":"https:\/\/mathilda-paatz.com\/karriere\/#primaryimage","url":"https:\/\/mathilda-paatz.com\/wp-content\/uploads\/2021\/07\/Erfolge.png","contentUrl":"https:\/\/mathilda-paatz.com\/wp-content\/uploads\/2021\/07\/Erfolge.png","width":2000,"height":1333},{"@type":"BreadcrumbList","@id":"https:\/\/mathilda-paatz.com\/karriere\/#breadcrumb","itemListElement":[{"@type":"ListItem","position":1,"name":"Startseite","item":"https:\/\/mathilda-paatz.com\/"},{"@type":"ListItem","position":2,"name":"Karriere &#038; Erfolge"}]},{"@type":"WebSite","@id":"https:\/\/mathilda-paatz.com\/#website","url":"https:\/\/mathilda-paatz.com\/","name":"Mathilda Paatz","description":"Das Speedgirl aus K\u00f6ln","publisher":{"@id":"https:\/\/mathilda-paatz.com\/#\/schema\/person\/bb1118b4bd0b68d5583bdc80c9b6d30e"},"potentialAction":[{"@type":"SearchAction","target":{"@type":"EntryPoint","urlTemplate":"https:\/\/mathilda-paatz.com\/?s={search_term_string}"},"query-input":{"@type":"PropertyValueSpecification","valueRequired":true,"valueName":"search_term_string"}}],"inLanguage":"de"},{"@type":["Person","Organization"],"@id":"https:\/\/mathilda-paatz.com\/#\/schema\/person\/bb1118b4bd0b68d5583bdc80c9b6d30e","name":"Mathilda Paatz","image":{"@type":"ImageObject","inLanguage":"de","@id":"https:\/\/mathilda-paatz.com\/#\/schema\/person\/image\/","url":"https:\/\/mathilda-paatz.com\/wp-content\/uploads\/2021\/01\/cropped-Speedgirl_Logo.png","contentUrl":"https:\/\/mathilda-paatz.com\/wp-content\/uploads\/2021\/01\/cropped-Speedgirl_Logo.png","width":512,"height":512,"caption":"Mathilda Paatz"},"logo":{"@id":"https:\/\/mathilda-paatz.com\/#\/schema\/person\/image\/"},"sameAs":["https:\/\/mathilda-paatz.com","https:\/\/www.instagram.com\/mathilda_paatz\/"]}]}},"_links":{"self":[{"href":"https:\/\/mathilda-paatz.com\/de\/wp-json\/wp\/v2\/pages\/81","targetHints":{"allow":["GET"]}}],"collection":[{"href":"https:\/\/mathilda-paatz.com\/de\/wp-json\/wp\/v2\/pages"}],"about":[{"href":"https:\/\/mathilda-paatz.com\/de\/wp-json\/wp\/v2\/types\/page"}],"author":[{"embeddable":true,"href":"https:\/\/mathilda-paatz.com\/de\/wp-json\/wp\/v2\/users\/1"}],"replies":[{"embeddable":true,"href":"https:\/\/mathilda-paatz.com\/de\/wp-json\/wp\/v2\/comments?post=81"}],"version-history":[{"count":10,"href":"https:\/\/mathilda-paatz.com\/de\/wp-json\/wp\/v2\/pages\/81\/revisions"}],"predecessor-version":[{"id":2236,"href":"https:\/\/mathilda-paatz.com\/de\/wp-json\/wp\/v2\/pages\/81\/revisions\/2236"}],"wp:featuredmedia":[{"embeddable":true,"href":"https:\/\/mathilda-paatz.com\/de\/wp-json\/wp\/v2\/media\/1511"}],"wp:attachment":[{"href":"https:\/\/mathilda-paatz.com\/de\/wp-json\/wp\/v2\/media?parent=81"}],"curies":[{"name":"wp","href":"https:\/\/api.w.org\/{rel}","templated":true}]}}