{"id":2259,"date":"2025-06-27T11:47:25","date_gmt":"2025-06-27T09:47:25","guid":{"rendered":"https:\/\/mathilda-paatz.com\/?page_id=2259"},"modified":"2025-06-27T11:55:17","modified_gmt":"2025-06-27T09:55:17","slug":"media","status":"publish","type":"page","link":"https:\/\/mathilda-paatz.com\/de\/media\/","title":{"rendered":"Presse"},"content":{"rendered":"\n<p class=\"has-text-align-center has-medium-font-size wp-block-paragraph\">An dieser Stelle finden Sie <strong>nur einige von unz\u00e4hligen Medienberichten<\/strong> \u00fcber Mathilda Paatz:<\/p>\n\n\n\n<div class=\"wp-block-group\"><div class=\"wp-block-group__inner-container is-layout-constrained wp-block-group-is-layout-constrained\">\n<hr class=\"wp-block-separator has-alpha-channel-opacity is-style-dots\"\/>\n\n\n\n<div style=\"height:29px\" aria-hidden=\"true\" class=\"wp-block-spacer\"><\/div>\n\n\n\n<p class=\"has-text-align-center has-small-font-size wp-block-paragraph\">21. Juni 2025<br><em>n-tv<\/em><br><\/p>\n\n\n\n<h2 class=\"wp-block-heading has-text-align-center\"><a href=\"https:\/\/www.n-tv.de\/mediathek\/videos\/sport\/Diese-16-Jaehrige-will-erste-Frau-in-der-Formel-1-sein-article25847083.html\" target=\"_blank\" rel=\"noreferrer noopener\"><strong>Mathilda Paatz fuhr schon als Kind:<\/strong><br>Diese 16-J\u00e4hrige will erste Frau in der Formel 1 sein<\/a><\/h2>\n\n\n\n<div style=\"height:29px\" aria-hidden=\"true\" class=\"wp-block-spacer\"><\/div>\n<\/div><\/div>\n\n\n\n<div class=\"wp-block-group\"><div class=\"wp-block-group__inner-container is-layout-constrained wp-block-group-is-layout-constrained\">\n<hr class=\"wp-block-separator has-alpha-channel-opacity is-style-dots\"\/>\n\n\n\n<div style=\"height:29px\" aria-hidden=\"true\" class=\"wp-block-spacer\"><\/div>\n\n\n\n<p class=\"has-text-align-center has-small-font-size wp-block-paragraph\">17. Juni 2025<br><em>EXPRESS<\/em><br><\/p>\n\n\n\n<h2 class=\"wp-block-heading has-text-align-center\"><a href=\"https:\/\/www.express.de\/sport\/motorsport\/formel1\/grosses-talent-koelnerin-mathilda-paatz-16-will-in-die-formel-1-1045818\" target=\"_blank\" rel=\"noreferrer noopener\"><strong>K\u00f6lnerin (16) will in die Formel 1<\/strong><br>Fuhr am Wochenende schon im Schatten von Verstappen &amp; Co.: \u201eGro\u00dfe Ehre\u201c<\/a><\/h2>\n\n\n\n<div style=\"height:29px\" aria-hidden=\"true\" class=\"wp-block-spacer\"><\/div>\n<\/div><\/div>\n\n\n\n<div class=\"wp-block-group\"><div class=\"wp-block-group__inner-container is-layout-constrained wp-block-group-is-layout-constrained\">\n<hr class=\"wp-block-separator has-alpha-channel-opacity is-style-dots\"\/>\n\n\n\n<div style=\"height:29px\" aria-hidden=\"true\" class=\"wp-block-spacer\"><\/div>\n\n\n\n<p class=\"has-text-align-center has-small-font-size wp-block-paragraph\">15. Juni 2025<br><em>WDR<\/em><br><\/p>\n\n\n\n<h2 class=\"wp-block-heading has-text-align-center\"><a href=\"https:\/\/www1.wdr.de\/sport\/mehr-sport\/motorsport-mathilda-paatz-f1-academy-100.html\" target=\"_blank\" rel=\"noreferrer noopener\"><strong>&#8222;Speedgirl&#8220; Mathilda Paatz: <\/strong>\u00fcber die &#8222;Academy&#8220; in die Formel 1?<\/a><\/h2>\n\n\n\n<div style=\"height:29px\" aria-hidden=\"true\" class=\"wp-block-spacer\"><\/div>\n<\/div><\/div>\n\n\n\n<div class=\"wp-block-group\"><div class=\"wp-block-group__inner-container is-layout-constrained wp-block-group-is-layout-constrained\">\n<hr class=\"wp-block-separator has-alpha-channel-opacity is-style-dots\"\/>\n\n\n\n<div style=\"height:29px\" aria-hidden=\"true\" class=\"wp-block-spacer\"><\/div>\n\n\n\n<p class=\"has-text-align-center has-small-font-size wp-block-paragraph\">16. Juni 2025<br><em>BILD \/ SPORT BILD<\/em><\/p>\n\n\n\n<h2 class=\"wp-block-heading has-text-align-center\"><a href=\"https:\/\/www.bild.de\/sport\/mehr-sport\/meinem-fahrlehrer-werde-ich-einen-schrecken-einjagen-mathilda-16-aus-koeln-will-in-die-formel-1-684e0021c500125714a3c5aa\" target=\"_blank\" rel=\"noreferrer noopener\"><strong>\u201eMeinem Fahrlehrer werde ich einen Schrecken einjagen\u201c<\/strong><br>Mathilda (16) will in die Formel 1!<\/a><\/h2>\n\n\n\n<div style=\"height:29px\" aria-hidden=\"true\" class=\"wp-block-spacer\"><\/div>\n<\/div><\/div>\n\n\n\n<div class=\"wp-block-group\"><div class=\"wp-block-group__inner-container is-layout-constrained wp-block-group-is-layout-constrained\">\n<hr class=\"wp-block-separator has-alpha-channel-opacity is-style-dots\"\/>\n\n\n\n<div style=\"height:29px\" aria-hidden=\"true\" class=\"wp-block-spacer\"><\/div>\n\n\n\n<p class=\"has-text-align-center has-small-font-size wp-block-paragraph\">Januar 2024<br><em>K\u00f6lner Stadtanzeiger<\/em><\/p>\n\n\n\n<h2 class=\"wp-block-heading has-text-align-center\"><a href=\"https:\/\/mathilda-paatz.com\/wp-content\/uploads\/2024\/09\/KSTA2024-scaled.jpg\" target=\"_blank\" rel=\"noreferrer noopener\"><strong>Mathilda Paatz <\/strong>tr\u00e4umt von Formel-1-Cockpit<\/a><\/h2>\n\n\n\n<div style=\"height:29px\" aria-hidden=\"true\" class=\"wp-block-spacer\"><\/div>\n<\/div><\/div>\n\n\n\n<div class=\"wp-block-group\"><div class=\"wp-block-group__inner-container is-layout-constrained wp-block-group-is-layout-constrained\">\n<hr class=\"wp-block-separator has-alpha-channel-opacity is-style-dots\"\/>\n\n\n\n<div style=\"height:29px\" aria-hidden=\"true\" class=\"wp-block-spacer\"><\/div>\n\n\n\n<p class=\"has-text-align-center has-small-font-size wp-block-paragraph\">September 2023<br><em>PITWALK<\/em><\/p>\n\n\n\n<h2 class=\"wp-block-heading has-text-align-center\"><a href=\"https:\/\/mathilda-paatz.com\/wp-content\/uploads\/2023\/09\/PITWALK_2023_74_Fitness.pdf\" target=\"_blank\" rel=\"noreferrer noopener\">&#8222;Waltzing <strong>Mathilda<\/strong>&#8222;<\/a><\/h2>\n\n\n\n<div style=\"height:29px\" aria-hidden=\"true\" class=\"wp-block-spacer\"><\/div>\n<\/div><\/div>\n\n\n\n<div class=\"wp-block-group\"><div class=\"wp-block-group__inner-container is-layout-constrained wp-block-group-is-layout-constrained\">\n<hr class=\"wp-block-separator has-alpha-channel-opacity is-style-dots\"\/>\n\n\n\n<div style=\"height:29px\" aria-hidden=\"true\" class=\"wp-block-spacer\"><\/div>\n\n\n\n<p class=\"has-text-align-center has-small-font-size wp-block-paragraph\">Januar 2023<br><em>Motorsport XL<\/em><\/p>\n\n\n\n<h2 class=\"wp-block-heading has-text-align-center\"><a href=\"https:\/\/mathilda-paatz.com\/wp-content\/uploads\/2023\/09\/Mathilda_2023_Interview_MotorsportXL.pdf\" target=\"_blank\" rel=\"noreferrer noopener\"><strong>Mathilda Paatz:<\/strong> &#8222;Eine Frau kann es in die Formel 1 schaffen!&#8220;<\/a><\/h2>\n\n\n\n<div style=\"height:29px\" aria-hidden=\"true\" class=\"wp-block-spacer\"><\/div>\n<\/div><\/div>\n\n\n\n<div class=\"wp-block-group\"><div class=\"wp-block-group__inner-container is-layout-constrained wp-block-group-is-layout-constrained\">\n<hr class=\"wp-block-separator has-alpha-channel-opacity is-style-dots\"\/>\n\n\n\n<div style=\"height:29px\" aria-hidden=\"true\" class=\"wp-block-spacer\"><\/div>\n\n\n\n<p class=\"has-text-align-center has-small-font-size wp-block-paragraph\">Juli 2023<br><em>BILD am Sonntag<\/em><\/p>\n\n\n\n<h2 class=\"wp-block-heading has-text-align-center\"><a href=\"https:\/\/mathilda-paatz.com\/wp-content\/uploads\/2023\/09\/BILDamSonntag_Juli2023.pdf\" target=\"_blank\" rel=\"noreferrer noopener\">Motorsport-Talente: <strong>Wer wird der Formel-Musiala?<\/strong><\/a><\/h2>\n\n\n\n<div style=\"height:29px\" aria-hidden=\"true\" class=\"wp-block-spacer\"><\/div>\n<\/div><\/div>\n\n\n\n<div class=\"wp-block-group\"><div class=\"wp-block-group__inner-container is-layout-constrained wp-block-group-is-layout-constrained\">\n<hr class=\"wp-block-separator has-alpha-channel-opacity is-style-dots\"\/>\n\n\n\n<div style=\"height:29px\" aria-hidden=\"true\" class=\"wp-block-spacer\"><\/div>\n\n\n\n<p class=\"has-text-align-center has-small-font-size wp-block-paragraph\">Juli 2023<br><em>ARD Sportclub Story<\/em><\/p>\n\n\n\n<h2 class=\"wp-block-heading has-text-align-center\">Zweiteilige Dokumentation: <strong>Frauen im Motorsport<\/strong><\/h2>\n\n\n\n<div style=\"height:29px\" aria-hidden=\"true\" class=\"wp-block-spacer\"><\/div>\n<\/div><\/div>\n\n\n\n<div class=\"wp-block-group\"><div class=\"wp-block-group__inner-container is-layout-constrained wp-block-group-is-layout-constrained\">\n<hr class=\"wp-block-separator has-alpha-channel-opacity is-style-dots\"\/>\n\n\n\n<div style=\"height:29px\" aria-hidden=\"true\" class=\"wp-block-spacer\"><\/div>\n\n\n\n<p class=\"has-text-align-center has-small-font-size wp-block-paragraph\">28. August 2022<br><em>Sportradio Deutschland<\/em><\/p>\n\n\n\n<h2 class=\"wp-block-heading has-text-align-center\"><a href=\"https:\/\/sportradio-deutschland.de\/interview\/2022-08-mathilda-paatz-frauen-im-motorsport-rennsport\"><strong>Radio-Interview: <\/strong>Frauen im Motorsport<\/a><\/h2>\n\n\n\n<div style=\"height:29px\" aria-hidden=\"true\" class=\"wp-block-spacer\"><\/div>\n<\/div><\/div>\n\n\n\n<div class=\"wp-block-group\"><div class=\"wp-block-group__inner-container is-layout-constrained wp-block-group-is-layout-constrained\">\n<hr class=\"wp-block-separator has-alpha-channel-opacity is-style-dots\"\/>\n\n\n\n<div style=\"height:29px\" aria-hidden=\"true\" class=\"wp-block-spacer\"><\/div>\n\n\n\n<p class=\"has-text-align-center has-small-font-size wp-block-paragraph\">16. August 2022<br><em>WDR<\/em><br><\/p>\n\n\n\n<h2 class=\"wp-block-heading has-text-align-center\"><a href=\"https:\/\/www.youtube.com\/watch?v=5jV68KiBAQA\"><strong>Lokalzeit aus K\u00f6ln: <\/strong>Motorsport-Talent Mathilda Paatz<\/a><\/h2>\n\n\n\n<div style=\"height:29px\" aria-hidden=\"true\" class=\"wp-block-spacer\"><\/div>\n<\/div><\/div>\n\n\n\n<div class=\"wp-block-group\"><div class=\"wp-block-group__inner-container is-layout-constrained wp-block-group-is-layout-constrained\">\n<hr class=\"wp-block-separator has-alpha-channel-opacity is-style-dots\"\/>\n\n\n\n<div style=\"height:29px\" aria-hidden=\"true\" class=\"wp-block-spacer\"><\/div>\n\n\n\n<p class=\"has-text-align-center has-small-font-size wp-block-paragraph\">August 2022<br><em>K\u00f6lner Stadtanzeiger<\/em><br><\/p>\n\n\n\n<h2 class=\"wp-block-heading has-text-align-center\"><a href=\"https:\/\/mathilda-paatz.com\/wp-content\/uploads\/2022\/08\/KSTA2022.pdf\"><strong>Mathilda Paatz f\u00e4hrt erfolgreich internationale Kartrennen<\/strong><\/a><br><a href=\"https:\/\/mathilda-paatz.com\/wp-content\/uploads\/2022\/08\/KSTA2022.pdf\">Sch\u00fclerin tr\u00e4umt von der Formel 1<\/a><\/h2>\n\n\n\n<div style=\"height:29px\" aria-hidden=\"true\" class=\"wp-block-spacer\"><\/div>\n<\/div><\/div>\n\n\n\n<div class=\"wp-block-group\"><div class=\"wp-block-group__inner-container is-layout-constrained wp-block-group-is-layout-constrained\">\n<hr class=\"wp-block-separator has-alpha-channel-opacity is-style-dots\"\/>\n\n\n\n<div style=\"height:29px\" aria-hidden=\"true\" class=\"wp-block-spacer\"><\/div>\n\n\n\n<p class=\"has-text-align-center has-small-font-size wp-block-paragraph\">M\u00e4rz 2021<br><em>Motorsport XL<\/em><br><\/p>\n\n\n\n<h2 class=\"wp-block-heading has-text-align-center\"><a href=\"https:\/\/mathilda-paatz.de\/wp-content\/uploads\/2021\/03\/Paatz_MotorsportXL.pdf\" target=\"_blank\" rel=\"noreferrer noopener\">Mathilda Paatz: <strong>Speedgirl<\/strong><\/a><\/h2>\n\n\n\n<div style=\"height:29px\" aria-hidden=\"true\" class=\"wp-block-spacer\"><\/div>\n<\/div><\/div>\n","protected":false},"excerpt":{"rendered":"<p>An dieser Stelle finden Sie nur einige von unz\u00e4hligen Medienberichten \u00fcber Mathilda Paatz: 21. Juni 2025n-tv Mathilda Paatz fuhr schon als Kind:Diese 16-J\u00e4hrige will erste Frau in der Formel 1 sein 17. Juni 2025EXPRESS K\u00f6lnerin (16) will in die Formel 1Fuhr am Wochenende schon im Schatten von Verstappen &amp; Co.: \u201eGro\u00dfe Ehre\u201c 15. Juni 2025WDR &#8222;Speedgirl&#8220; Mathilda Paatz: \u00fcber die &#8222;Academy&#8220; in die Formel 1? 16. Juni 2025BILD \/ SPORT BILD \u201eMeinem Fahrlehrer werde ich einen Schrecken einjagen\u201cMathilda (16) will in die Formel 1! Januar 2024K\u00f6lner Stadtanzeiger Mathilda Paatz tr\u00e4umt von Formel-1-Cockpit September 2023PITWALK &#8222;Waltzing Mathilda&#8222; Januar 2023Motorsport XL Mathilda <a href=\"https:\/\/mathilda-paatz.com\/de\/media\/\"><span class=\"meta-nav\">Weiterlesen&#8230;<\/span><\/a><\/p>\n","protected":false},"author":1,"featured_media":0,"parent":0,"menu_order":0,"comment_status":"closed","ping_status":"closed","template":"","meta":{"_crdt_document":"","footnotes":""},"class_list":["post-2259","page","type-page","status-publish","hentry"],"yoast_head":"<!-- This site is optimized with the Yoast SEO plugin v26.8 - https:\/\/yoast.com\/product\/yoast-seo-wordpress\/ -->\n<title>Presse &#187; Mathilda Paatz<\/title>\n<meta name=\"robots\" content=\"index, follow, max-snippet:-1, max-image-preview:large, max-video-preview:-1\" \/>\n<link rel=\"canonical\" href=\"https:\/\/mathilda-paatz.com\/de\/media\/\" \/>\n<meta property=\"og:locale\" content=\"de_DE\" \/>\n<meta property=\"og:type\" content=\"article\" \/>\n<meta property=\"og:title\" content=\"Presse &#187; Mathilda Paatz\" \/>\n<meta property=\"og:description\" content=\"An dieser Stelle finden Sie nur einige von unz\u00e4hligen Medienberichten \u00fcber Mathilda Paatz: 21. Juni 2025n-tv Mathilda Paatz fuhr schon als Kind:Diese 16-J\u00e4hrige will erste Frau in der Formel 1 sein 17. Juni 2025EXPRESS K\u00f6lnerin (16) will in die Formel 1Fuhr am Wochenende schon im Schatten von Verstappen &amp; Co.: \u201eGro\u00dfe Ehre\u201c 15. Juni 2025WDR &#8222;Speedgirl&#8220; Mathilda Paatz: \u00fcber die &#8222;Academy&#8220; in die Formel 1? 16. Juni 2025BILD \/ SPORT BILD \u201eMeinem Fahrlehrer werde ich einen Schrecken einjagen\u201cMathilda (16) will in die Formel 1! Januar 2024K\u00f6lner Stadtanzeiger Mathilda Paatz tr\u00e4umt von Formel-1-Cockpit September 2023PITWALK &#8222;Waltzing Mathilda&#8222; Januar 2023Motorsport XL Mathilda Weiterlesen...\" \/>\n<meta property=\"og:url\" content=\"https:\/\/mathilda-paatz.com\/de\/media\/\" \/>\n<meta property=\"og:site_name\" content=\"Mathilda Paatz\" \/>\n<meta property=\"article:modified_time\" content=\"2025-06-27T09:55:17+00:00\" \/>\n<meta name=\"twitter:card\" content=\"summary_large_image\" \/>\n<meta name=\"twitter:label1\" content=\"Gesch\u00e4tzte Lesezeit\" \/>\n\t<meta name=\"twitter:data1\" content=\"2\u00a0Minuten\" \/>\n<script type=\"application\/ld+json\" class=\"yoast-schema-graph\">{\"@context\":\"https:\/\/schema.org\",\"@graph\":[{\"@type\":\"WebPage\",\"@id\":\"https:\/\/mathilda-paatz.com\/media\/\",\"url\":\"https:\/\/mathilda-paatz.com\/media\/\",\"name\":\"Presse &#187; Mathilda Paatz\",\"isPartOf\":{\"@id\":\"https:\/\/mathilda-paatz.com\/#website\"},\"datePublished\":\"2025-06-27T09:47:25+00:00\",\"dateModified\":\"2025-06-27T09:55:17+00:00\",\"breadcrumb\":{\"@id\":\"https:\/\/mathilda-paatz.com\/media\/#breadcrumb\"},\"inLanguage\":\"de\",\"potentialAction\":[{\"@type\":\"ReadAction\",\"target\":[\"https:\/\/mathilda-paatz.com\/media\/\"]}]},{\"@type\":\"BreadcrumbList\",\"@id\":\"https:\/\/mathilda-paatz.com\/media\/#breadcrumb\",\"itemListElement\":[{\"@type\":\"ListItem\",\"position\":1,\"name\":\"Startseite\",\"item\":\"https:\/\/mathilda-paatz.com\/\"},{\"@type\":\"ListItem\",\"position\":2,\"name\":\"Presse\"}]},{\"@type\":\"WebSite\",\"@id\":\"https:\/\/mathilda-paatz.com\/#website\",\"url\":\"https:\/\/mathilda-paatz.com\/\",\"name\":\"Mathilda Paatz\",\"description\":\"Das Speedgirl aus K\u00f6ln\",\"publisher\":{\"@id\":\"https:\/\/mathilda-paatz.com\/#\/schema\/person\/bb1118b4bd0b68d5583bdc80c9b6d30e\"},\"potentialAction\":[{\"@type\":\"SearchAction\",\"target\":{\"@type\":\"EntryPoint\",\"urlTemplate\":\"https:\/\/mathilda-paatz.com\/?s={search_term_string}\"},\"query-input\":{\"@type\":\"PropertyValueSpecification\",\"valueRequired\":true,\"valueName\":\"search_term_string\"}}],\"inLanguage\":\"de\"},{\"@type\":[\"Person\",\"Organization\"],\"@id\":\"https:\/\/mathilda-paatz.com\/#\/schema\/person\/bb1118b4bd0b68d5583bdc80c9b6d30e\",\"name\":\"Mathilda Paatz\",\"image\":{\"@type\":\"ImageObject\",\"inLanguage\":\"de\",\"@id\":\"https:\/\/mathilda-paatz.com\/#\/schema\/person\/image\/\",\"url\":\"https:\/\/mathilda-paatz.com\/wp-content\/uploads\/2021\/01\/cropped-Speedgirl_Logo.png\",\"contentUrl\":\"https:\/\/mathilda-paatz.com\/wp-content\/uploads\/2021\/01\/cropped-Speedgirl_Logo.png\",\"width\":512,\"height\":512,\"caption\":\"Mathilda Paatz\"},\"logo\":{\"@id\":\"https:\/\/mathilda-paatz.com\/#\/schema\/person\/image\/\"},\"sameAs\":[\"https:\/\/mathilda-paatz.com\",\"https:\/\/www.instagram.com\/mathilda_paatz\/\"]}]}<\/script>\n<!-- \/ Yoast SEO plugin. -->","yoast_head_json":{"title":"Presse &#187; Mathilda Paatz","robots":{"index":"index","follow":"follow","max-snippet":"max-snippet:-1","max-image-preview":"max-image-preview:large","max-video-preview":"max-video-preview:-1"},"canonical":"https:\/\/mathilda-paatz.com\/de\/media\/","og_locale":"de_DE","og_type":"article","og_title":"Presse &#187; Mathilda Paatz","og_description":"An dieser Stelle finden Sie nur einige von unz\u00e4hligen Medienberichten \u00fcber Mathilda Paatz: 21. Juni 2025n-tv Mathilda Paatz fuhr schon als Kind:Diese 16-J\u00e4hrige will erste Frau in der Formel 1 sein 17. Juni 2025EXPRESS K\u00f6lnerin (16) will in die Formel 1Fuhr am Wochenende schon im Schatten von Verstappen &amp; Co.: \u201eGro\u00dfe Ehre\u201c 15. Juni 2025WDR &#8222;Speedgirl&#8220; Mathilda Paatz: \u00fcber die &#8222;Academy&#8220; in die Formel 1? 16. Juni 2025BILD \/ SPORT BILD \u201eMeinem Fahrlehrer werde ich einen Schrecken einjagen\u201cMathilda (16) will in die Formel 1! Januar 2024K\u00f6lner Stadtanzeiger Mathilda Paatz tr\u00e4umt von Formel-1-Cockpit September 2023PITWALK &#8222;Waltzing Mathilda&#8222; Januar 2023Motorsport XL Mathilda Weiterlesen...","og_url":"https:\/\/mathilda-paatz.com\/de\/media\/","og_site_name":"Mathilda Paatz","article_modified_time":"2025-06-27T09:55:17+00:00","twitter_card":"summary_large_image","twitter_misc":{"Gesch\u00e4tzte Lesezeit":"2\u00a0Minuten"},"schema":{"@context":"https:\/\/schema.org","@graph":[{"@type":"WebPage","@id":"https:\/\/mathilda-paatz.com\/media\/","url":"https:\/\/mathilda-paatz.com\/media\/","name":"Presse &#187; Mathilda Paatz","isPartOf":{"@id":"https:\/\/mathilda-paatz.com\/#website"},"datePublished":"2025-06-27T09:47:25+00:00","dateModified":"2025-06-27T09:55:17+00:00","breadcrumb":{"@id":"https:\/\/mathilda-paatz.com\/media\/#breadcrumb"},"inLanguage":"de","potentialAction":[{"@type":"ReadAction","target":["https:\/\/mathilda-paatz.com\/media\/"]}]},{"@type":"BreadcrumbList","@id":"https:\/\/mathilda-paatz.com\/media\/#breadcrumb","itemListElement":[{"@type":"ListItem","position":1,"name":"Startseite","item":"https:\/\/mathilda-paatz.com\/"},{"@type":"ListItem","position":2,"name":"Presse"}]},{"@type":"WebSite","@id":"https:\/\/mathilda-paatz.com\/#website","url":"https:\/\/mathilda-paatz.com\/","name":"Mathilda Paatz","description":"Das Speedgirl aus K\u00f6ln","publisher":{"@id":"https:\/\/mathilda-paatz.com\/#\/schema\/person\/bb1118b4bd0b68d5583bdc80c9b6d30e"},"potentialAction":[{"@type":"SearchAction","target":{"@type":"EntryPoint","urlTemplate":"https:\/\/mathilda-paatz.com\/?s={search_term_string}"},"query-input":{"@type":"PropertyValueSpecification","valueRequired":true,"valueName":"search_term_string"}}],"inLanguage":"de"},{"@type":["Person","Organization"],"@id":"https:\/\/mathilda-paatz.com\/#\/schema\/person\/bb1118b4bd0b68d5583bdc80c9b6d30e","name":"Mathilda Paatz","image":{"@type":"ImageObject","inLanguage":"de","@id":"https:\/\/mathilda-paatz.com\/#\/schema\/person\/image\/","url":"https:\/\/mathilda-paatz.com\/wp-content\/uploads\/2021\/01\/cropped-Speedgirl_Logo.png","contentUrl":"https:\/\/mathilda-paatz.com\/wp-content\/uploads\/2021\/01\/cropped-Speedgirl_Logo.png","width":512,"height":512,"caption":"Mathilda Paatz"},"logo":{"@id":"https:\/\/mathilda-paatz.com\/#\/schema\/person\/image\/"},"sameAs":["https:\/\/mathilda-paatz.com","https:\/\/www.instagram.com\/mathilda_paatz\/"]}]}},"_links":{"self":[{"href":"https:\/\/mathilda-paatz.com\/de\/wp-json\/wp\/v2\/pages\/2259","targetHints":{"allow":["GET"]}}],"collection":[{"href":"https:\/\/mathilda-paatz.com\/de\/wp-json\/wp\/v2\/pages"}],"about":[{"href":"https:\/\/mathilda-paatz.com\/de\/wp-json\/wp\/v2\/types\/page"}],"author":[{"embeddable":true,"href":"https:\/\/mathilda-paatz.com\/de\/wp-json\/wp\/v2\/users\/1"}],"replies":[{"embeddable":true,"href":"https:\/\/mathilda-paatz.com\/de\/wp-json\/wp\/v2\/comments?post=2259"}],"version-history":[{"count":9,"href":"https:\/\/mathilda-paatz.com\/de\/wp-json\/wp\/v2\/pages\/2259\/revisions"}],"predecessor-version":[{"id":2277,"href":"https:\/\/mathilda-paatz.com\/de\/wp-json\/wp\/v2\/pages\/2259\/revisions\/2277"}],"wp:attachment":[{"href":"https:\/\/mathilda-paatz.com\/de\/wp-json\/wp\/v2\/media?parent=2259"}],"curies":[{"name":"wp","href":"https:\/\/api.w.org\/{rel}","templated":true}]}}