{"id":1228,"date":"2022-07-25T21:53:48","date_gmt":"2022-07-25T19:53:48","guid":{"rendered":"http:\/\/mathilda-paatz.de\/?page_id=1228"},"modified":"2025-12-14T16:47:40","modified_gmt":"2025-12-14T15:47:40","slug":"about","status":"publish","type":"page","link":"https:\/\/mathilda-paatz.com\/de\/about\/","title":{"rendered":"\u00dcber mich"},"content":{"rendered":"\n<h4 class=\"wp-block-heading\">Mathilda Paatz &#8211; das Speedgirl<\/h4>\n\n\n<div class='sc_column one_half ' >\n\n\n\n<p class=\"wp-block-paragraph\">Helm auf, Handschuhe an \u2013 und Vollgas! Mathilda Paatz liebt die Geschwindigkeit. Die Sch\u00fclerin aus K\u00f6ln wird ihrem Ruf als \u201eSpeedgirl\u201c gerecht, sowohl auf der Skipiste als auch der Rennstrecke. \u201eDer Kartsport und das Skifahren geh\u00f6ren zu meinen gro\u00dfen Leidenschaften\u201c, verr\u00e4t die 16-J\u00e4hrige, die auch gerne das Tanzbein schwingt. \u201eOhne Sport l\u00e4uft bei mir nichts!\u201c<\/p>\n\n\n\n<p class=\"wp-block-paragraph\">Die Begeisterung f\u00fcr den Motorsport hat das \u201eSpeedgirl\u201c von ihrem Vater geerbt. Michael Paatz ist seit vielen Jahren fest mit der Langstreckenmeisterschaft auf dem N\u00fcrburgring verbunden. Erst als Fahrer, sp\u00e4ter sogar als Teamchef. Vor \u00fcber zehn Jahren gr\u00fcndete Paatz sein eigenes Rennteam. Ein Name war nat\u00fcrlich schnell gefunden: Mathilda Racing!<\/p>\n\n\n<\/div>\n<div class='sc_column one_half last ' >\n\n\n\n<figure class=\"wp-block-embed is-type-video is-provider-youtube wp-block-embed-youtube wp-embed-aspect-16-9 wp-has-aspect-ratio\"><div class=\"wp-block-embed__wrapper\">\n <div class=\"brlbs-cmpnt-container brlbs-cmpnt-content-blocker brlbs-cmpnt-with-individual-styles\" data-borlabs-cookie-content-blocker-id=\"youtube-content-blocker\" data-borlabs-cookie-content=\"PGlmcmFtZSB0aXRsZT0iTWF0aGlsZGEgU3BlZWQgR2lybCIgd2lkdGg9IjUwMCIgaGVpZ2h0PSIyODEiIHNyYz0iaHR0cHM6Ly93d3cueW91dHViZS1ub2Nvb2tpZS5jb20vZW1iZWQvUVpEVHRQN1MtRzQ\/ZmVhdHVyZT1vZW1iZWQiIGZyYW1lYm9yZGVyPSIwIiBhbGxvdz0iYWNjZWxlcm9tZXRlcjsgYXV0b3BsYXk7IGNsaXBib2FyZC13cml0ZTsgZW5jcnlwdGVkLW1lZGlhOyBneXJvc2NvcGU7IHBpY3R1cmUtaW4tcGljdHVyZTsgd2ViLXNoYXJlIiByZWZlcnJlcnBvbGljeT0ic3RyaWN0LW9yaWdpbi13aGVuLWNyb3NzLW9yaWdpbiIgYWxsb3dmdWxsc2NyZWVuPjwvaWZyYW1lPg==\"><div class=\"brlbs-cmpnt-cb-preset-c brlbs-cmpnt-cb-youtube\"> <div class=\"brlbs-cmpnt-cb-thumbnail\" style=\"background-image: url('https:\/\/mathilda-paatz.com\/wp-content\/uploads\/borlabs-cookie\/1\/yt_QZDTtP7S-G4_hqdefault.jpg')\"><\/div> <div class=\"brlbs-cmpnt-cb-main\"> <div class=\"brlbs-cmpnt-cb-play-button\"><\/div> <div class=\"brlbs-cmpnt-cb-content\"> <p class=\"brlbs-cmpnt-cb-description\">Sie sehen gerade einen Platzhalterinhalt von <strong>YouTube<\/strong>. Um auf den eigentlichen Inhalt zuzugreifen, klicken Sie auf die Schaltfl\u00e4che unten. Bitte beachten Sie, dass dabei Daten an Drittanbieter weitergegeben werden.<\/p> <a class=\"brlbs-cmpnt-cb-provider-toggle\" href=\"#\" data-borlabs-cookie-show-provider-information role=\"button\">Mehr Informationen<\/a> <\/div> <div class=\"brlbs-cmpnt-cb-buttons\"> <a class=\"brlbs-cmpnt-cb-btn\" href=\"#\" data-borlabs-cookie-unblock role=\"button\">Inhalt entsperren<\/a> <a class=\"brlbs-cmpnt-cb-btn\" href=\"#\" data-borlabs-cookie-accept-service role=\"button\" style=\"display: inherit\">Erforderlichen Service akzeptieren und Inhalte entsperren<\/a> <\/div> <\/div> <\/div><\/div>\n<\/div><\/figure>\n\n\n<\/div><div class='clear'><\/div>\n\n\n\n<p class=\"wp-block-paragraph\">Schon als Vierj\u00e4hrige stieg Mathilda zum ersten Mal ins Kart \u2013 nat\u00fcrlich an der Seite ihres Vaters. Und dort kam das Talent der heute 16-J\u00e4hrigen bereits zum Vorschein. \u201eIch war erstaunt, dass Mathilda auf unserem Doppelkart sofort instinktiv richtig reagierte\u201c, war Vater Michael Paatz stolz. \u201eSowohl die K\u00f6rperhaltung in den Kurven als auch die Einsch\u00e4tzung der Distanz funktionierten bereits nach wenigen Runden.\u201c Kein Wunder, dass der Nachwuchs eines Tages auch selbst hinter das Lenkrad klettern wollte.<\/p>\n\n\n\n<p class=\"wp-block-paragraph\">Der Wunsch wurde schnell zur Wirklichkeit. Und nach wenigen Runden wurde klar, dass Mathilda Paatz das Talent eines Rennfahrers besitzt. Seither k\u00e4mpft die 16-J\u00e4hrige um Rennsiege und Meisterschaften. Dass der Motorsport noch immer als M\u00e4nnerdom\u00e4ne gilt, st\u00f6rt die Sch\u00fclerin nicht. \u201eIch finde nicht, dass es M\u00e4dchen schwerer haben, da M\u00e4dchen genauso gut sein k\u00f6nnen, wie die Jungs\u201c, sagt sie ehrgeizig.<\/p>\n\n\n\n<div style=\"height:33px\" aria-hidden=\"true\" class=\"wp-block-spacer\"><\/div>\n\n\n\n<blockquote class=\"wp-block-quote is-style-large is-layout-flow wp-block-quote-is-layout-flow\">\n<p class=\"wp-block-paragraph\">\u201eIch finde nicht, dass es M\u00e4dchen schwerer haben, da M\u00e4dchen genauso gut sein k\u00f6nnen, wie die Jungs\u201c<\/p>\n<cite>Mathilda Paatz<\/cite><\/blockquote>\n\n\n\n<div style=\"height:33px\" aria-hidden=\"true\" class=\"wp-block-spacer\"><\/div>\n\n\n\n<p class=\"wp-block-paragraph\">Und das hat Mathilda Paatz bereits bewiesen. In der Saison 2020 ging die Sch\u00fclerin gemeinsam mit dem TB Racing Team in der Mini-Klasse des ADAC Kart Masters sowie im Westdeutschen ADAC Kart Cup an den Start. Dabei zeigte die damals Zw\u00f6lfj\u00e4hrige, dass die m\u00e4nnliche Konkurrenz keinesfalls im Vorteil ist. Bei der Veranstaltung in M\u00fclsen feierte Mathilda Paatz einen souver\u00e4nen Doppelsieg. Am Ende verpasste sie als Dritte nur knapp den Meistertitel. Im Gegenzug gewann sie nicht nur den Ladies Cup, sondern auch die Meisterschaft im Westdeutschen ADAC Kart Cup.<\/p>\n\n\n\n<p class=\"wp-block-paragraph\">In der Saison 2021 folgte der n\u00e4chste Schritt. Mathilda Paatz blieb dem TB Racing Team zwar treu, startete jedoch in der n\u00e4chsth\u00f6heren Kartklasse, dem OK Junior. Das war keine leichte Herausforderung, doch Leidenschaft und Ehrgeiz trieben die damals 13-J\u00e4hrige zu H\u00f6chstleistungen an. \u201eIch war mir ziemlich sicher, dass das erste Jahr nicht einfach wird\u201c, ist Paatz ehrlich. \u201eAber einige Platzierungen in den Top-Zehn wollte ich gerne erreichen.\u201c Und das gelang ihr auch, sodass sich der Weg der K\u00f6lnerin fortsetzte.<\/p>\n\n\n\n<div class=\"wp-block-columns is-layout-flex wp-container-core-columns-is-layout-9d6595d7 wp-block-columns-is-layout-flex\">\n<div class=\"wp-block-column is-layout-flow wp-block-column-is-layout-flow\">\n<figure class=\"wp-block-embed is-type-video is-provider-youtube wp-block-embed-youtube wp-embed-aspect-16-9 wp-has-aspect-ratio\"><div class=\"wp-block-embed__wrapper\">\n <div class=\"brlbs-cmpnt-container brlbs-cmpnt-content-blocker brlbs-cmpnt-with-individual-styles\" data-borlabs-cookie-content-blocker-id=\"youtube-content-blocker\" data-borlabs-cookie-content=\"PGlmcmFtZSB0aXRsZT0iRGV1dHNjaGUgV2VsbGUgLSBCZXJpY2h0IHp1bSAyNGggUmVubmVuIiB3aWR0aD0iNTAwIiBoZWlnaHQ9IjI4MSIgc3JjPSJodHRwczovL3d3dy55b3V0dWJlLW5vY29va2llLmNvbS9lbWJlZC9QRzZ3dFpiTm1Xbz9mZWF0dXJlPW9lbWJlZCIgZnJhbWVib3JkZXI9IjAiIGFsbG93PSJhY2NlbGVyb21ldGVyOyBhdXRvcGxheTsgY2xpcGJvYXJkLXdyaXRlOyBlbmNyeXB0ZWQtbWVkaWE7IGd5cm9zY29wZTsgcGljdHVyZS1pbi1waWN0dXJlOyB3ZWItc2hhcmUiIHJlZmVycmVycG9saWN5PSJzdHJpY3Qtb3JpZ2luLXdoZW4tY3Jvc3Mtb3JpZ2luIiBhbGxvd2Z1bGxzY3JlZW4+PC9pZnJhbWU+\"><div class=\"brlbs-cmpnt-cb-preset-c brlbs-cmpnt-cb-youtube\"> <div class=\"brlbs-cmpnt-cb-thumbnail\" style=\"background-image: url('https:\/\/mathilda-paatz.com\/wp-content\/uploads\/borlabs-cookie\/1\/yt_PG6wtZbNmWo_hqdefault.jpg')\"><\/div> <div class=\"brlbs-cmpnt-cb-main\"> <div class=\"brlbs-cmpnt-cb-play-button\"><\/div> <div class=\"brlbs-cmpnt-cb-content\"> <p class=\"brlbs-cmpnt-cb-description\">Sie sehen gerade einen Platzhalterinhalt von <strong>YouTube<\/strong>. Um auf den eigentlichen Inhalt zuzugreifen, klicken Sie auf die Schaltfl\u00e4che unten. Bitte beachten Sie, dass dabei Daten an Drittanbieter weitergegeben werden.<\/p> <a class=\"brlbs-cmpnt-cb-provider-toggle\" href=\"#\" data-borlabs-cookie-show-provider-information role=\"button\">Mehr Informationen<\/a> <\/div> <div class=\"brlbs-cmpnt-cb-buttons\"> <a class=\"brlbs-cmpnt-cb-btn\" href=\"#\" data-borlabs-cookie-unblock role=\"button\">Inhalt entsperren<\/a> <a class=\"brlbs-cmpnt-cb-btn\" href=\"#\" data-borlabs-cookie-accept-service role=\"button\" style=\"display: inherit\">Erforderlichen Service akzeptieren und Inhalte entsperren<\/a> <\/div> <\/div> <\/div><\/div>\n<\/div><\/figure>\n<\/div>\n\n\n\n<div class=\"wp-block-column is-layout-flow wp-block-column-is-layout-flow\">\n<figure class=\"wp-block-embed is-type-video is-provider-youtube wp-block-embed-youtube wp-embed-aspect-16-9 wp-has-aspect-ratio\"><div class=\"wp-block-embed__wrapper\">\n <div class=\"brlbs-cmpnt-container brlbs-cmpnt-content-blocker brlbs-cmpnt-with-individual-styles\" data-borlabs-cookie-content-blocker-id=\"youtube-content-blocker\" data-borlabs-cookie-content=\"PGlmcmFtZSB0aXRsZT0iRnJvbSBiYWJ5IHN0cm9sbGVyIHRvIHJhY2luZyBjYXIiIHdpZHRoPSI1MDAiIGhlaWdodD0iMjgxIiBzcmM9Imh0dHBzOi8vd3d3LnlvdXR1YmUtbm9jb29raWUuY29tL2VtYmVkL1RTTy1GTzAwRU00P2ZlYXR1cmU9b2VtYmVkIiBmcmFtZWJvcmRlcj0iMCIgYWxsb3c9ImFjY2VsZXJvbWV0ZXI7IGF1dG9wbGF5OyBjbGlwYm9hcmQtd3JpdGU7IGVuY3J5cHRlZC1tZWRpYTsgZ3lyb3Njb3BlOyBwaWN0dXJlLWluLXBpY3R1cmU7IHdlYi1zaGFyZSIgcmVmZXJyZXJwb2xpY3k9InN0cmljdC1vcmlnaW4td2hlbi1jcm9zcy1vcmlnaW4iIGFsbG93ZnVsbHNjcmVlbj48L2lmcmFtZT4=\"><div class=\"brlbs-cmpnt-cb-preset-c brlbs-cmpnt-cb-youtube\"> <div class=\"brlbs-cmpnt-cb-thumbnail\" style=\"background-image: url('https:\/\/mathilda-paatz.com\/wp-content\/uploads\/borlabs-cookie\/1\/yt_TSO-FO00EM4_hqdefault.jpg')\"><\/div> <div class=\"brlbs-cmpnt-cb-main\"> <div class=\"brlbs-cmpnt-cb-play-button\"><\/div> <div class=\"brlbs-cmpnt-cb-content\"> <p class=\"brlbs-cmpnt-cb-description\">Sie sehen gerade einen Platzhalterinhalt von <strong>YouTube<\/strong>. Um auf den eigentlichen Inhalt zuzugreifen, klicken Sie auf die Schaltfl\u00e4che unten. Bitte beachten Sie, dass dabei Daten an Drittanbieter weitergegeben werden.<\/p> <a class=\"brlbs-cmpnt-cb-provider-toggle\" href=\"#\" data-borlabs-cookie-show-provider-information role=\"button\">Mehr Informationen<\/a> <\/div> <div class=\"brlbs-cmpnt-cb-buttons\"> <a class=\"brlbs-cmpnt-cb-btn\" href=\"#\" data-borlabs-cookie-unblock role=\"button\">Inhalt entsperren<\/a> <a class=\"brlbs-cmpnt-cb-btn\" href=\"#\" data-borlabs-cookie-accept-service role=\"button\" style=\"display: inherit\">Erforderlichen Service akzeptieren und Inhalte entsperren<\/a> <\/div> <\/div> <\/div><\/div>\n<\/div><\/figure>\n<\/div>\n<\/div>\n\n\n\n<p class=\"wp-block-paragraph\">Nach einem weiteren Jahr im Kartsport, beim Nachwuchsteam von Formel-1-Weltmeister Fernando Alonso, folgt in der Saison 2024 endlich der Umstieg in den Automobilsport. F\u00fcr das &#8218;ADAC Formel Junior Team&#8216; startete Paatz in ihrer Deb\u00fctsaison in der franz\u00f6sischen Formel 4, wo sie mit Achtungserfolgen f\u00fcr Aufmerksamkeit sorgte: In Magny-Cours startete die Sch\u00fclerin aus der ersten Startreihe.<\/p>\n\n\n\n<p class=\"wp-block-paragraph\">In der Saison 2025 ging Paatz zun\u00e4chst in der Formula Winter Series an den Start, wo sie sich beim Finale in Barcelona einen Rennsieg in der Ladies-Trophy sicherte. Anschlie\u00dfend fuhr die 16-J\u00e4hrige f\u00fcr das eigene Team in der zentraleurop\u00e4ischen Formel-4-Meisterschaft, wobei sie ihrem gro\u00dfen Traum, eines Tages in der K\u00f6nigsklasse des Motorsports zu starten, wieder einen wichtigen Schritt n\u00e4herkam.<\/p>\n\n\n\n<p class=\"wp-block-paragraph\">Mathilda Paatz absolvierte einen Gaststart in der F1 Academy im Rahmenprogramm der Formel 1 in Kanada und \u00fcberzeugte auf Anhieb. Ihre starke Leistung blieb nicht unbemerkt: Gleich mehrere Formel-1-Teams zeigten Interesse an der jungen K\u00f6lnerin, die sich schlie\u00dflich einen Platz im Nachwuchsprogramm von Aston Martin sichern konnte. In der Saison 2026 wird die 17-J\u00e4hrige nun f\u00fcr Aston Martin in der F1 Academy an den Start gehen.<\/p>\n","protected":false},"excerpt":{"rendered":"<p>Mathilda Paatz &#8211; das Speedgirl Schon als Vierj\u00e4hrige stieg Mathilda zum ersten Mal ins Kart \u2013 nat\u00fcrlich an der Seite ihres Vaters. Und dort kam das Talent der heute 16-J\u00e4hrigen bereits zum Vorschein. \u201eIch war erstaunt, dass Mathilda auf unserem Doppelkart sofort instinktiv richtig reagierte\u201c, war Vater Michael Paatz stolz. \u201eSowohl die K\u00f6rperhaltung in den Kurven als auch die Einsch\u00e4tzung der Distanz funktionierten bereits nach wenigen Runden.\u201c Kein Wunder, dass der Nachwuchs eines Tages auch selbst hinter das Lenkrad klettern wollte. Der Wunsch wurde schnell zur Wirklichkeit. Und nach wenigen Runden wurde klar, dass Mathilda Paatz das Talent eines Rennfahrers <a href=\"https:\/\/mathilda-paatz.com\/de\/about\/\"><span class=\"meta-nav\">Weiterlesen&#8230;<\/span><\/a><\/p>\n","protected":false},"author":1,"featured_media":2305,"parent":0,"menu_order":0,"comment_status":"closed","ping_status":"closed","template":"","meta":{"_crdt_document":"","footnotes":""},"class_list":["post-1228","page","type-page","status-publish","has-post-thumbnail","hentry","has_featured_image"],"yoast_head":"<!-- This site is optimized with the Yoast SEO plugin v26.8 - https:\/\/yoast.com\/product\/yoast-seo-wordpress\/ -->\n<title>\u00dcber mich &#187; Mathilda Paatz<\/title>\n<meta name=\"robots\" content=\"index, follow, max-snippet:-1, max-image-preview:large, max-video-preview:-1\" \/>\n<link rel=\"canonical\" href=\"https:\/\/mathilda-paatz.com\/de\/about\/\" \/>\n<meta property=\"og:locale\" content=\"de_DE\" \/>\n<meta property=\"og:type\" content=\"article\" \/>\n<meta property=\"og:title\" content=\"\u00dcber mich &#187; Mathilda Paatz\" \/>\n<meta property=\"og:description\" content=\"Mathilda Paatz &#8211; das Speedgirl Schon als Vierj\u00e4hrige stieg Mathilda zum ersten Mal ins Kart \u2013 nat\u00fcrlich an der Seite ihres Vaters. Und dort kam das Talent der heute 16-J\u00e4hrigen bereits zum Vorschein. \u201eIch war erstaunt, dass Mathilda auf unserem Doppelkart sofort instinktiv richtig reagierte\u201c, war Vater Michael Paatz stolz. \u201eSowohl die K\u00f6rperhaltung in den Kurven als auch die Einsch\u00e4tzung der Distanz funktionierten bereits nach wenigen Runden.\u201c Kein Wunder, dass der Nachwuchs eines Tages auch selbst hinter das Lenkrad klettern wollte. Der Wunsch wurde schnell zur Wirklichkeit. Und nach wenigen Runden wurde klar, dass Mathilda Paatz das Talent eines Rennfahrers Weiterlesen...\" \/>\n<meta property=\"og:url\" content=\"https:\/\/mathilda-paatz.com\/de\/about\/\" \/>\n<meta property=\"og:site_name\" content=\"Mathilda Paatz\" \/>\n<meta property=\"article:modified_time\" content=\"2025-12-14T15:47:40+00:00\" \/>\n<meta property=\"og:image\" content=\"https:\/\/mathilda-paatz.com\/wp-content\/uploads\/2025\/12\/F1_ACADEMY_SH-47-scaled.jpg\" \/>\n\t<meta property=\"og:image:width\" content=\"2560\" \/>\n\t<meta property=\"og:image:height\" content=\"1706\" \/>\n\t<meta property=\"og:image:type\" content=\"image\/jpeg\" \/>\n<meta name=\"twitter:card\" content=\"summary_large_image\" \/>\n<meta name=\"twitter:label1\" content=\"Gesch\u00e4tzte Lesezeit\" \/>\n\t<meta name=\"twitter:data1\" content=\"4\u00a0Minuten\" \/>\n<script type=\"application\/ld+json\" class=\"yoast-schema-graph\">{\"@context\":\"https:\/\/schema.org\",\"@graph\":[{\"@type\":\"WebPage\",\"@id\":\"https:\/\/mathilda-paatz.com\/about\/\",\"url\":\"https:\/\/mathilda-paatz.com\/about\/\",\"name\":\"\u00dcber mich &#187; Mathilda Paatz\",\"isPartOf\":{\"@id\":\"https:\/\/mathilda-paatz.com\/#website\"},\"primaryImageOfPage\":{\"@id\":\"https:\/\/mathilda-paatz.com\/about\/#primaryimage\"},\"image\":{\"@id\":\"https:\/\/mathilda-paatz.com\/about\/#primaryimage\"},\"thumbnailUrl\":\"https:\/\/mathilda-paatz.com\/wp-content\/uploads\/2025\/12\/F1_ACADEMY_SH-47-scaled.jpg\",\"datePublished\":\"2022-07-25T19:53:48+00:00\",\"dateModified\":\"2025-12-14T15:47:40+00:00\",\"breadcrumb\":{\"@id\":\"https:\/\/mathilda-paatz.com\/about\/#breadcrumb\"},\"inLanguage\":\"de\",\"potentialAction\":[{\"@type\":\"ReadAction\",\"target\":[\"https:\/\/mathilda-paatz.com\/about\/\"]}]},{\"@type\":\"ImageObject\",\"inLanguage\":\"de\",\"@id\":\"https:\/\/mathilda-paatz.com\/about\/#primaryimage\",\"url\":\"https:\/\/mathilda-paatz.com\/wp-content\/uploads\/2025\/12\/F1_ACADEMY_SH-47-scaled.jpg\",\"contentUrl\":\"https:\/\/mathilda-paatz.com\/wp-content\/uploads\/2025\/12\/F1_ACADEMY_SH-47-scaled.jpg\",\"width\":2560,\"height\":1706,\"caption\":\"Mathilda Paatz\"},{\"@type\":\"BreadcrumbList\",\"@id\":\"https:\/\/mathilda-paatz.com\/about\/#breadcrumb\",\"itemListElement\":[{\"@type\":\"ListItem\",\"position\":1,\"name\":\"Startseite\",\"item\":\"https:\/\/mathilda-paatz.com\/\"},{\"@type\":\"ListItem\",\"position\":2,\"name\":\"\u00dcber mich\"}]},{\"@type\":\"WebSite\",\"@id\":\"https:\/\/mathilda-paatz.com\/#website\",\"url\":\"https:\/\/mathilda-paatz.com\/\",\"name\":\"Mathilda Paatz\",\"description\":\"Das Speedgirl aus K\u00f6ln\",\"publisher\":{\"@id\":\"https:\/\/mathilda-paatz.com\/#\/schema\/person\/bb1118b4bd0b68d5583bdc80c9b6d30e\"},\"potentialAction\":[{\"@type\":\"SearchAction\",\"target\":{\"@type\":\"EntryPoint\",\"urlTemplate\":\"https:\/\/mathilda-paatz.com\/?s={search_term_string}\"},\"query-input\":{\"@type\":\"PropertyValueSpecification\",\"valueRequired\":true,\"valueName\":\"search_term_string\"}}],\"inLanguage\":\"de\"},{\"@type\":[\"Person\",\"Organization\"],\"@id\":\"https:\/\/mathilda-paatz.com\/#\/schema\/person\/bb1118b4bd0b68d5583bdc80c9b6d30e\",\"name\":\"Mathilda Paatz\",\"image\":{\"@type\":\"ImageObject\",\"inLanguage\":\"de\",\"@id\":\"https:\/\/mathilda-paatz.com\/#\/schema\/person\/image\/\",\"url\":\"https:\/\/mathilda-paatz.com\/wp-content\/uploads\/2021\/01\/cropped-Speedgirl_Logo.png\",\"contentUrl\":\"https:\/\/mathilda-paatz.com\/wp-content\/uploads\/2021\/01\/cropped-Speedgirl_Logo.png\",\"width\":512,\"height\":512,\"caption\":\"Mathilda Paatz\"},\"logo\":{\"@id\":\"https:\/\/mathilda-paatz.com\/#\/schema\/person\/image\/\"},\"sameAs\":[\"https:\/\/mathilda-paatz.com\",\"https:\/\/www.instagram.com\/mathilda_paatz\/\"]}]}<\/script>\n<!-- \/ Yoast SEO plugin. -->","yoast_head_json":{"title":"\u00dcber mich &#187; Mathilda Paatz","robots":{"index":"index","follow":"follow","max-snippet":"max-snippet:-1","max-image-preview":"max-image-preview:large","max-video-preview":"max-video-preview:-1"},"canonical":"https:\/\/mathilda-paatz.com\/de\/about\/","og_locale":"de_DE","og_type":"article","og_title":"\u00dcber mich &#187; Mathilda Paatz","og_description":"Mathilda Paatz &#8211; das Speedgirl Schon als Vierj\u00e4hrige stieg Mathilda zum ersten Mal ins Kart \u2013 nat\u00fcrlich an der Seite ihres Vaters. Und dort kam das Talent der heute 16-J\u00e4hrigen bereits zum Vorschein. \u201eIch war erstaunt, dass Mathilda auf unserem Doppelkart sofort instinktiv richtig reagierte\u201c, war Vater Michael Paatz stolz. \u201eSowohl die K\u00f6rperhaltung in den Kurven als auch die Einsch\u00e4tzung der Distanz funktionierten bereits nach wenigen Runden.\u201c Kein Wunder, dass der Nachwuchs eines Tages auch selbst hinter das Lenkrad klettern wollte. Der Wunsch wurde schnell zur Wirklichkeit. Und nach wenigen Runden wurde klar, dass Mathilda Paatz das Talent eines Rennfahrers Weiterlesen...","og_url":"https:\/\/mathilda-paatz.com\/de\/about\/","og_site_name":"Mathilda Paatz","article_modified_time":"2025-12-14T15:47:40+00:00","og_image":[{"width":2560,"height":1706,"url":"https:\/\/mathilda-paatz.com\/wp-content\/uploads\/2025\/12\/F1_ACADEMY_SH-47-scaled.jpg","type":"image\/jpeg"}],"twitter_card":"summary_large_image","twitter_misc":{"Gesch\u00e4tzte Lesezeit":"4\u00a0Minuten"},"schema":{"@context":"https:\/\/schema.org","@graph":[{"@type":"WebPage","@id":"https:\/\/mathilda-paatz.com\/about\/","url":"https:\/\/mathilda-paatz.com\/about\/","name":"\u00dcber mich &#187; Mathilda Paatz","isPartOf":{"@id":"https:\/\/mathilda-paatz.com\/#website"},"primaryImageOfPage":{"@id":"https:\/\/mathilda-paatz.com\/about\/#primaryimage"},"image":{"@id":"https:\/\/mathilda-paatz.com\/about\/#primaryimage"},"thumbnailUrl":"https:\/\/mathilda-paatz.com\/wp-content\/uploads\/2025\/12\/F1_ACADEMY_SH-47-scaled.jpg","datePublished":"2022-07-25T19:53:48+00:00","dateModified":"2025-12-14T15:47:40+00:00","breadcrumb":{"@id":"https:\/\/mathilda-paatz.com\/about\/#breadcrumb"},"inLanguage":"de","potentialAction":[{"@type":"ReadAction","target":["https:\/\/mathilda-paatz.com\/about\/"]}]},{"@type":"ImageObject","inLanguage":"de","@id":"https:\/\/mathilda-paatz.com\/about\/#primaryimage","url":"https:\/\/mathilda-paatz.com\/wp-content\/uploads\/2025\/12\/F1_ACADEMY_SH-47-scaled.jpg","contentUrl":"https:\/\/mathilda-paatz.com\/wp-content\/uploads\/2025\/12\/F1_ACADEMY_SH-47-scaled.jpg","width":2560,"height":1706,"caption":"Mathilda Paatz"},{"@type":"BreadcrumbList","@id":"https:\/\/mathilda-paatz.com\/about\/#breadcrumb","itemListElement":[{"@type":"ListItem","position":1,"name":"Startseite","item":"https:\/\/mathilda-paatz.com\/"},{"@type":"ListItem","position":2,"name":"\u00dcber mich"}]},{"@type":"WebSite","@id":"https:\/\/mathilda-paatz.com\/#website","url":"https:\/\/mathilda-paatz.com\/","name":"Mathilda Paatz","description":"Das Speedgirl aus K\u00f6ln","publisher":{"@id":"https:\/\/mathilda-paatz.com\/#\/schema\/person\/bb1118b4bd0b68d5583bdc80c9b6d30e"},"potentialAction":[{"@type":"SearchAction","target":{"@type":"EntryPoint","urlTemplate":"https:\/\/mathilda-paatz.com\/?s={search_term_string}"},"query-input":{"@type":"PropertyValueSpecification","valueRequired":true,"valueName":"search_term_string"}}],"inLanguage":"de"},{"@type":["Person","Organization"],"@id":"https:\/\/mathilda-paatz.com\/#\/schema\/person\/bb1118b4bd0b68d5583bdc80c9b6d30e","name":"Mathilda Paatz","image":{"@type":"ImageObject","inLanguage":"de","@id":"https:\/\/mathilda-paatz.com\/#\/schema\/person\/image\/","url":"https:\/\/mathilda-paatz.com\/wp-content\/uploads\/2021\/01\/cropped-Speedgirl_Logo.png","contentUrl":"https:\/\/mathilda-paatz.com\/wp-content\/uploads\/2021\/01\/cropped-Speedgirl_Logo.png","width":512,"height":512,"caption":"Mathilda Paatz"},"logo":{"@id":"https:\/\/mathilda-paatz.com\/#\/schema\/person\/image\/"},"sameAs":["https:\/\/mathilda-paatz.com","https:\/\/www.instagram.com\/mathilda_paatz\/"]}]}},"_links":{"self":[{"href":"https:\/\/mathilda-paatz.com\/de\/wp-json\/wp\/v2\/pages\/1228","targetHints":{"allow":["GET"]}}],"collection":[{"href":"https:\/\/mathilda-paatz.com\/de\/wp-json\/wp\/v2\/pages"}],"about":[{"href":"https:\/\/mathilda-paatz.com\/de\/wp-json\/wp\/v2\/types\/page"}],"author":[{"embeddable":true,"href":"https:\/\/mathilda-paatz.com\/de\/wp-json\/wp\/v2\/users\/1"}],"replies":[{"embeddable":true,"href":"https:\/\/mathilda-paatz.com\/de\/wp-json\/wp\/v2\/comments?post=1228"}],"version-history":[{"count":9,"href":"https:\/\/mathilda-paatz.com\/de\/wp-json\/wp\/v2\/pages\/1228\/revisions"}],"predecessor-version":[{"id":2303,"href":"https:\/\/mathilda-paatz.com\/de\/wp-json\/wp\/v2\/pages\/1228\/revisions\/2303"}],"wp:featuredmedia":[{"embeddable":true,"href":"https:\/\/mathilda-paatz.com\/de\/wp-json\/wp\/v2\/media\/2305"}],"wp:attachment":[{"href":"https:\/\/mathilda-paatz.com\/de\/wp-json\/wp\/v2\/media?parent=1228"}],"curies":[{"name":"wp","href":"https:\/\/api.w.org\/{rel}","templated":true}]}}