{"id":1226,"date":"2022-07-26T08:00:42","date_gmt":"2022-07-26T06:00:42","guid":{"rendered":"http:\/\/mathilda-paatz.de\/?page_id=1226"},"modified":"2024-09-06T10:09:08","modified_gmt":"2024-09-06T08:09:08","slug":"partner","status":"publish","type":"page","link":"https:\/\/mathilda-paatz.com\/de\/partner\/","title":{"rendered":"Partner"},"content":{"rendered":"\n<p class=\"wp-block-paragraph\"><\/p>\n\n\n<ul class=\"kiwi-logo-carousel kiwi-logo-carousel-default grayhovercolor align-center col4\"><li style=\"height:150px;\"><a target=\"_blank\" href=\"https:\/\/www.fia.com\/women-motorsport\"><div class=\"helper\" style=\"height:150px; width:200px;\" ><img decoding=\"async\" src=\"https:\/\/mathilda-paatz.com\/wp-content\/uploads\/2022\/07\/DEFLOGO_FIAWIM_RGB_POS.jpg\" alt=\"Women in Motorsport\" title=\"Women in Motorsport\"><\/div><\/a><\/li><li style=\"height:150px;\"><a target=\"_blank\" href=\"https:\/\/sonic-equipment.com\/de\/home\"><div class=\"helper\" style=\"height:150px; width:200px;\" ><img decoding=\"async\" src=\"https:\/\/mathilda-paatz.com\/wp-content\/uploads\/2021\/03\/sonic.png\" alt=\"sonic\" title=\"sonic\"><\/div><\/a><\/li><li style=\"height:150px;\" ><div class=\"helper\" style=\"height:150px; width:200px;\" ><img decoding=\"async\" src=\"https:\/\/mathilda-paatz.com\/wp-content\/uploads\/2021\/01\/profibu.png\" alt=\"profibu GmbH\" title=\"profibu GmbH\" style=\"max-width:200px; padding-left: 5px; padding-right:5px\" ><\/div><\/li><li style=\"height:150px;\" ><div class=\"helper\" style=\"height:150px; width:200px;\" ><img decoding=\"async\" src=\"https:\/\/mathilda-paatz.com\/wp-content\/uploads\/2023\/01\/DPK.jpg\" alt=\"DPK Racing\" title=\"DPK Racing\" style=\"max-width:200px; padding-left: 5px; padding-right:5px\" ><\/div><\/li><li style=\"height:150px;\" ><div class=\"helper\" style=\"height:150px; width:200px;\" ><img decoding=\"async\" src=\"https:\/\/mathilda-paatz.com\/wp-content\/uploads\/2021\/01\/Sandtler.png\" alt=\"Sandtler\" title=\"Sandtler\" style=\"max-width:200px; padding-left: 5px; padding-right:5px\" ><\/div><\/li><li style=\"height:150px;\" ><div class=\"helper\" style=\"height:150px; width:200px;\" ><img decoding=\"async\" src=\"https:\/\/mathilda-paatz.com\/wp-content\/uploads\/2023\/01\/DSK.jpg\" alt=\"DSK\" title=\"DSK\" style=\"max-width:200px; padding-left: 5px; padding-right:5px\" ><\/div><\/li><li style=\"height:150px;\" ><div class=\"helper\" style=\"height:150px; width:200px;\" ><img decoding=\"async\" src=\"https:\/\/mathilda-paatz.com\/wp-content\/uploads\/2021\/01\/ravenol.png\" alt=\"Ravenol\" title=\"Ravenol\" style=\"max-width:200px; padding-left: 5px; padding-right:5px\" ><\/div><\/li><li style=\"height:150px;\" ><div class=\"helper\" style=\"height:150px; width:200px;\" ><img decoding=\"async\" src=\"https:\/\/mathilda-paatz.com\/wp-content\/uploads\/2023\/01\/Alonso.jpg\" alt=\"Alonso\" title=\"Alonso\" style=\"max-width:200px; padding-left: 5px; padding-right:5px\" ><\/div><\/li><li style=\"height:150px;\" ><div class=\"helper\" style=\"height:150px; width:200px;\" ><img decoding=\"async\" src=\"https:\/\/mathilda-paatz.com\/wp-content\/uploads\/2025\/06\/twinbusch.jpg\" alt=\"TwinBusch\" title=\"TwinBusch\" style=\"max-width:200px; padding-left: 5px; padding-right:5px\" ><\/div><\/li><\/ul>\n\n\n\n<hr class=\"wp-block-separator has-text-color has-luminous-vivid-orange-color has-css-opacity has-luminous-vivid-orange-background-color has-background\"\/>\n\n\n\n<div style=\"height:40px\" aria-hidden=\"true\" class=\"wp-block-spacer\"><\/div>\n\n\n\n<h2 class=\"wp-block-heading has-text-align-center\">Jetzt Partner werden!<\/h2>\n\n\n\n<div class=\"wp-block-columns is-layout-flex wp-container-core-columns-is-layout-9d6595d7 wp-block-columns-is-layout-flex\">\n<div class=\"wp-block-column is-layout-flow wp-block-column-is-layout-flow\" style=\"flex-basis:100%\"><div class='sc_column one_half ' >\n\n\n\n<p class=\"wp-block-paragraph\">Wer im Motorsport erfolgreich sein m\u00f6chte, der braucht nicht nur Talent \u2013 sondern starke Partner und Sponsoren. Die finanzielle Unterst\u00fctzung gilt als wichtige Voraussetzung, um Rennen und Meisterschaften zu gewinnen. Die Teilnahme an den Wettbewerben ist ebenso kostenintensiv wie regelm\u00e4\u00dfige Testfahrten und aktuelles Material, um sich gegen die Konkurrenz zu behaupten. Ein Sponsoring ist daher unverzichtbar.<\/p>\n\n\n\n<p class=\"wp-block-paragraph\">Mit Mathilda Paatz haben Sie eine attraktive Plattform im Motorsport gefunden. Eine Partnerschaft macht Ihr Unternehmen in einer der beliebtesten und angesehensten Sportarten bekannt. Noch immer sind die Faszination und Leidenschaft f\u00fcr den Rennsport in Deutschland ungebrochen. Diese Sportart \u00fcberzeugt mit wichtigen Eigenschaften, wie Dynamik, Pr\u00e4zision und Schnelligkeit. Diese Eigenheiten spiegeln sich auf Ihr Unternehmen ab, sodass ein Engagement im Motorsport deutlich mehr bietet als klassische Werbung<a href=\"http:\/\/www.motorcon.de\" target=\"_blank\" rel=\"noreferrer noopener\">.<\/a><\/p>\n\n\n\n<p class=\"wp-block-paragraph\"><\/div>\n\n\n<div class='sc_column one_half last ' >\n\n\n\n<p class=\"wp-block-paragraph\">Mathilda Paatz geh\u00f6rt zu den wenigen Frauen in Deutschland, die den Motorsport auf einem professionellen Niveau betreiben. Das schafft Aufmerksamkeit und sorgt f\u00fcr eine besondere Effektivit\u00e4t der Partnerschaft. Ein Sponsoring bietet Ihnen nicht nur die M\u00f6glichkeit einer Werbefl\u00e4che. Vom Besuch an der Rennstrecke \u00fcber Events f\u00fcr Ihre Kunden und Mitarbeiter bis zur Mitfahrt im Renntaxi ist alles m\u00f6glich.<\/p>\n\n\n\n<p class=\"wp-block-paragraph\">Die enge Verbindung zu \u201eMathilda Racing\u201c als professionelles Rennteam in der Langstreckenmeisterschaft auf dem N\u00fcrburgring bietet Ihnen die M\u00f6glichkeit, das Engagement auf mehreren Ebenen auszubauen. Eine Zusammenarbeit zahlt sich f\u00fcr Sie gleich doppelt aus. Gemeinsam l\u00e4sst sich mehr erreichen, daher freuen wir uns \u00fcber eine starke Partnerschaft, die Erfolg verspricht.<\/p>\n\n\n\n<p class=\"wp-block-paragraph\"><\/div><div class='clear'><\/div>\n<\/div>\n<\/div>\n\n\n\n<p class=\"wp-block-paragraph\"><em>Die folgenden Pakete stellen nur Beispiele f\u00fcr ein m\u00f6gliches Engagement dar. Gerne erstellen wir Ihnen ein individuelles Angebot. Wir freuen uns, wenn Sie Mathilda Paatz auf ihrem weiteren Karriereweg unterst\u00fctzen m\u00f6chten.<\/em><\/p>\n\n\n\n<div style=\"height:100px\" aria-hidden=\"true\" class=\"wp-block-spacer\"><\/div>\n\n\n<style type='text\/css' scoped='scoped'><\/style><div id='pricing_table_dgCMb' class='pricing_table pricing_3'>\n<ul>\n<li class=\"pricing_td pricing_li_1 non_highlight \">\n<div>\n<div class=\"pricing_heading\">\n<h3>Basic<\/h3>\n<h4>10.000 Euro<\/h4>\n<\/div>\n<ul>\n<li>Fotos &amp; Videos f\u00fcr eigene Nutzung<\/li>\n<li>Logo auf der Internetseite<\/li>\n<li>Erw\u00e4hnung in sozialen Netzwerken<\/li>\n<li>Einbindung in Pressemitteilungen<\/li>\n<\/ul>\n<p><a class=\"sc_button block_button square black\" href=\"http:\/\/mathilda-paatz.de\/kontakt\/\">Kontakt aufnehmen<\/a><\/p>\n<\/div>\n<\/li>\n<li class=\"pricing_td pricing_li_2 highlight \">\n<div>\n<div class=\"pricing_heading\">\n<h3>Plus<\/h3>\n<h4>25.000 Euro<\/h4>\n<\/div>\n<ul>\n<li>Fotos &amp; Videos<\/li>\n<li>Logo auf Auto &amp; Fahreranzug<\/li>\n<li>Erw\u00e4hnung in sozialen Netzwerken<\/li>\n<li>Vorstellung auf der Webseite<\/li>\n<li>Einladung zu einem Rennen<\/li>\n<li>Einbindung in Pressemitteilungen<\/li>\n<\/ul>\n<p><a class=\"sc_button block_button square black\" href=\"http:\/\/mathilda-paatz.de\/kontakt\/\">Kontakt aufnehmen<\/a><\/p>\n<\/div>\n<\/li>\n<li class=\"pricing_td pricing_li_3 non_highlight \">\n<div>\n<div class=\"pricing_heading\">\n<h3>Premium<\/h3>\n<h4>50.000 Euro<\/h4>\n<\/div>\n<ul>\n<li>Zwei Tage mit Mathilda (Shooting, Event, etc.)<\/li>\n<li>Fotos &amp; Videos f\u00fcr eigene Nutzung<\/li>\n<li>Logo auf Auto, Fahreranzug &amp; Teambus<\/li>\n<li>Erw\u00e4hnung in sozialen Netzwerken<\/li>\n<li>Vorstellung auf der Webseite<\/li>\n<li>Einladung zu zwei Rennen<\/li>\n<li>Einbindung in Pressemitteilungen<\/li>\n<\/ul>\n<p><a class=\"sc_button block_button square black\" href=\"http:\/\/mathilda-paatz.de\/kontakt\/\">Kontakt aufnehmen<\/a><\/p>\n<\/div>\n<\/li>\n<\/ul>\n<div class='clear'><\/div><\/div>\n","protected":false},"excerpt":{"rendered":"<p>Jetzt Partner werden! Die folgenden Pakete stellen nur Beispiele f\u00fcr ein m\u00f6gliches Engagement dar. Gerne erstellen wir Ihnen ein individuelles Angebot. Wir freuen uns, wenn Sie Mathilda Paatz auf ihrem weiteren Karriereweg unterst\u00fctzen m\u00f6chten.<\/p>\n","protected":false},"author":1,"featured_media":0,"parent":0,"menu_order":0,"comment_status":"closed","ping_status":"closed","template":"","meta":{"_crdt_document":"","footnotes":""},"class_list":["post-1226","page","type-page","status-publish","hentry"],"yoast_head":"<!-- This site is optimized with the Yoast SEO plugin v26.8 - https:\/\/yoast.com\/product\/yoast-seo-wordpress\/ -->\n<title>Partner &#187; Mathilda Paatz<\/title>\n<meta name=\"robots\" content=\"index, follow, max-snippet:-1, max-image-preview:large, max-video-preview:-1\" \/>\n<link rel=\"canonical\" href=\"https:\/\/mathilda-paatz.com\/de\/partner\/\" \/>\n<meta property=\"og:locale\" content=\"de_DE\" \/>\n<meta property=\"og:type\" content=\"article\" \/>\n<meta property=\"og:title\" content=\"Partner &#187; Mathilda Paatz\" \/>\n<meta property=\"og:description\" content=\"Jetzt Partner werden! Die folgenden Pakete stellen nur Beispiele f\u00fcr ein m\u00f6gliches Engagement dar. Gerne erstellen wir Ihnen ein individuelles Angebot. Wir freuen uns, wenn Sie Mathilda Paatz auf ihrem weiteren Karriereweg unterst\u00fctzen m\u00f6chten.\" \/>\n<meta property=\"og:url\" content=\"https:\/\/mathilda-paatz.com\/de\/partner\/\" \/>\n<meta property=\"og:site_name\" content=\"Mathilda Paatz\" \/>\n<meta property=\"article:modified_time\" content=\"2024-09-06T08:09:08+00:00\" \/>\n<meta name=\"twitter:card\" content=\"summary_large_image\" \/>\n<meta name=\"twitter:label1\" content=\"Gesch\u00e4tzte Lesezeit\" \/>\n\t<meta name=\"twitter:data1\" content=\"2\u00a0Minuten\" \/>\n<script type=\"application\/ld+json\" class=\"yoast-schema-graph\">{\"@context\":\"https:\/\/schema.org\",\"@graph\":[{\"@type\":\"WebPage\",\"@id\":\"https:\/\/mathilda-paatz.com\/partner\/\",\"url\":\"https:\/\/mathilda-paatz.com\/partner\/\",\"name\":\"Partner &#187; Mathilda Paatz\",\"isPartOf\":{\"@id\":\"https:\/\/mathilda-paatz.com\/#website\"},\"datePublished\":\"2022-07-26T06:00:42+00:00\",\"dateModified\":\"2024-09-06T08:09:08+00:00\",\"breadcrumb\":{\"@id\":\"https:\/\/mathilda-paatz.com\/partner\/#breadcrumb\"},\"inLanguage\":\"de\",\"potentialAction\":[{\"@type\":\"ReadAction\",\"target\":[\"https:\/\/mathilda-paatz.com\/partner\/\"]}]},{\"@type\":\"BreadcrumbList\",\"@id\":\"https:\/\/mathilda-paatz.com\/partner\/#breadcrumb\",\"itemListElement\":[{\"@type\":\"ListItem\",\"position\":1,\"name\":\"Startseite\",\"item\":\"https:\/\/mathilda-paatz.com\/\"},{\"@type\":\"ListItem\",\"position\":2,\"name\":\"Partner\"}]},{\"@type\":\"WebSite\",\"@id\":\"https:\/\/mathilda-paatz.com\/#website\",\"url\":\"https:\/\/mathilda-paatz.com\/\",\"name\":\"Mathilda Paatz\",\"description\":\"Das Speedgirl aus K\u00f6ln\",\"publisher\":{\"@id\":\"https:\/\/mathilda-paatz.com\/#\/schema\/person\/bb1118b4bd0b68d5583bdc80c9b6d30e\"},\"potentialAction\":[{\"@type\":\"SearchAction\",\"target\":{\"@type\":\"EntryPoint\",\"urlTemplate\":\"https:\/\/mathilda-paatz.com\/?s={search_term_string}\"},\"query-input\":{\"@type\":\"PropertyValueSpecification\",\"valueRequired\":true,\"valueName\":\"search_term_string\"}}],\"inLanguage\":\"de\"},{\"@type\":[\"Person\",\"Organization\"],\"@id\":\"https:\/\/mathilda-paatz.com\/#\/schema\/person\/bb1118b4bd0b68d5583bdc80c9b6d30e\",\"name\":\"Mathilda Paatz\",\"image\":{\"@type\":\"ImageObject\",\"inLanguage\":\"de\",\"@id\":\"https:\/\/mathilda-paatz.com\/#\/schema\/person\/image\/\",\"url\":\"https:\/\/mathilda-paatz.com\/wp-content\/uploads\/2021\/01\/cropped-Speedgirl_Logo.png\",\"contentUrl\":\"https:\/\/mathilda-paatz.com\/wp-content\/uploads\/2021\/01\/cropped-Speedgirl_Logo.png\",\"width\":512,\"height\":512,\"caption\":\"Mathilda Paatz\"},\"logo\":{\"@id\":\"https:\/\/mathilda-paatz.com\/#\/schema\/person\/image\/\"},\"sameAs\":[\"https:\/\/mathilda-paatz.com\",\"https:\/\/www.instagram.com\/mathilda_paatz\/\"]}]}<\/script>\n<!-- \/ Yoast SEO plugin. -->","yoast_head_json":{"title":"Partner &#187; Mathilda Paatz","robots":{"index":"index","follow":"follow","max-snippet":"max-snippet:-1","max-image-preview":"max-image-preview:large","max-video-preview":"max-video-preview:-1"},"canonical":"https:\/\/mathilda-paatz.com\/de\/partner\/","og_locale":"de_DE","og_type":"article","og_title":"Partner &#187; Mathilda Paatz","og_description":"Jetzt Partner werden! Die folgenden Pakete stellen nur Beispiele f\u00fcr ein m\u00f6gliches Engagement dar. Gerne erstellen wir Ihnen ein individuelles Angebot. Wir freuen uns, wenn Sie Mathilda Paatz auf ihrem weiteren Karriereweg unterst\u00fctzen m\u00f6chten.","og_url":"https:\/\/mathilda-paatz.com\/de\/partner\/","og_site_name":"Mathilda Paatz","article_modified_time":"2024-09-06T08:09:08+00:00","twitter_card":"summary_large_image","twitter_misc":{"Gesch\u00e4tzte Lesezeit":"2\u00a0Minuten"},"schema":{"@context":"https:\/\/schema.org","@graph":[{"@type":"WebPage","@id":"https:\/\/mathilda-paatz.com\/partner\/","url":"https:\/\/mathilda-paatz.com\/partner\/","name":"Partner &#187; Mathilda Paatz","isPartOf":{"@id":"https:\/\/mathilda-paatz.com\/#website"},"datePublished":"2022-07-26T06:00:42+00:00","dateModified":"2024-09-06T08:09:08+00:00","breadcrumb":{"@id":"https:\/\/mathilda-paatz.com\/partner\/#breadcrumb"},"inLanguage":"de","potentialAction":[{"@type":"ReadAction","target":["https:\/\/mathilda-paatz.com\/partner\/"]}]},{"@type":"BreadcrumbList","@id":"https:\/\/mathilda-paatz.com\/partner\/#breadcrumb","itemListElement":[{"@type":"ListItem","position":1,"name":"Startseite","item":"https:\/\/mathilda-paatz.com\/"},{"@type":"ListItem","position":2,"name":"Partner"}]},{"@type":"WebSite","@id":"https:\/\/mathilda-paatz.com\/#website","url":"https:\/\/mathilda-paatz.com\/","name":"Mathilda Paatz","description":"Das Speedgirl aus K\u00f6ln","publisher":{"@id":"https:\/\/mathilda-paatz.com\/#\/schema\/person\/bb1118b4bd0b68d5583bdc80c9b6d30e"},"potentialAction":[{"@type":"SearchAction","target":{"@type":"EntryPoint","urlTemplate":"https:\/\/mathilda-paatz.com\/?s={search_term_string}"},"query-input":{"@type":"PropertyValueSpecification","valueRequired":true,"valueName":"search_term_string"}}],"inLanguage":"de"},{"@type":["Person","Organization"],"@id":"https:\/\/mathilda-paatz.com\/#\/schema\/person\/bb1118b4bd0b68d5583bdc80c9b6d30e","name":"Mathilda Paatz","image":{"@type":"ImageObject","inLanguage":"de","@id":"https:\/\/mathilda-paatz.com\/#\/schema\/person\/image\/","url":"https:\/\/mathilda-paatz.com\/wp-content\/uploads\/2021\/01\/cropped-Speedgirl_Logo.png","contentUrl":"https:\/\/mathilda-paatz.com\/wp-content\/uploads\/2021\/01\/cropped-Speedgirl_Logo.png","width":512,"height":512,"caption":"Mathilda Paatz"},"logo":{"@id":"https:\/\/mathilda-paatz.com\/#\/schema\/person\/image\/"},"sameAs":["https:\/\/mathilda-paatz.com","https:\/\/www.instagram.com\/mathilda_paatz\/"]}]}},"_links":{"self":[{"href":"https:\/\/mathilda-paatz.com\/de\/wp-json\/wp\/v2\/pages\/1226","targetHints":{"allow":["GET"]}}],"collection":[{"href":"https:\/\/mathilda-paatz.com\/de\/wp-json\/wp\/v2\/pages"}],"about":[{"href":"https:\/\/mathilda-paatz.com\/de\/wp-json\/wp\/v2\/types\/page"}],"author":[{"embeddable":true,"href":"https:\/\/mathilda-paatz.com\/de\/wp-json\/wp\/v2\/users\/1"}],"replies":[{"embeddable":true,"href":"https:\/\/mathilda-paatz.com\/de\/wp-json\/wp\/v2\/comments?post=1226"}],"version-history":[{"count":10,"href":"https:\/\/mathilda-paatz.com\/de\/wp-json\/wp\/v2\/pages\/1226\/revisions"}],"predecessor-version":[{"id":2184,"href":"https:\/\/mathilda-paatz.com\/de\/wp-json\/wp\/v2\/pages\/1226\/revisions\/2184"}],"wp:attachment":[{"href":"https:\/\/mathilda-paatz.com\/de\/wp-json\/wp\/v2\/media?parent=1226"}],"curies":[{"name":"wp","href":"https:\/\/api.w.org\/{rel}","templated":true}]}}